{"id":550,"date":"2011-08-03T14:35:13","date_gmt":"2011-08-03T14:35:13","guid":{"rendered":"http:\/\/formlotsen.de\/kunden\/wp_silence\/?page_id=550"},"modified":"2017-12-20T12:01:10","modified_gmt":"2017-12-20T12:01:10","slug":"contacts","status":"publish","type":"page","link":"https:\/\/silence-aircraft.de\/fr\/contacts\/","title":{"rendered":"Contacts"},"content":{"rendered":"<div class=\"post\">\n<h2>Nous sommes l\u00e0 pour vous<\/h2>\n<p><strong>Silence Aircraft GmbH<\/strong><br \/>\nAn der Heller 43<br \/>\n33758 Schlo\u00df Holte Stukenbrock<br \/>\nAllemagne<br \/>\n<a href=\"https:\/\/goo.gl\/maps\/qCmfF\"><strong>(Google Map)<\/strong><\/a><\/p>\n<p><strong>T\u00e9l:<\/strong> +49 (0)\u00a05207 9255011<br \/>\n<strong>Fax:<\/strong> +49 (0)\u00a05207 9255020<br \/>\n<a href=\"&#109;&#x61;&#105;&#x6c;&#116;&#x6f;:&#x69;n&#x66;o&#64;&#x73;&#105;&#x6c;&#101;&#x6e;&#99;&#x65;-&#x61;i&#x72;c&#114;&#x61;&#102;&#x74;&#46;&#x64;&#101;\">&#105;&#x6e;&#x66;o&#64;&#x73;i&#108;&#x65;n&#99;&#x65;-&#97;&#x69;&#x72;&#99;&#x72;&#x61;f&#116;&#x2e;d&#101;<\/a><br \/>\n<a href=\"http:\/\/www.silence-aircraft.de\">www.silence-aircraft.de<\/a><\/p>\n<div class=\"scroll\">Cliquer sur le nom du <strong>repr\u00e9sentant<\/strong> de votre pays:<br \/>\n<strong>France:<\/strong> <a href=\"#France\">Crispin Vincenti Brown et Michel Sudre<\/a><br \/>\n<strong>Royaume-Uni:<\/strong> <a href=\"#UK\">Peter Wells<\/a><br \/>\n<strong>Atelier d\u2019assistance pour la construction:<\/strong><br \/>\n<a href=\"#workshop\"><strong>Lithuanie<\/strong> Termikas<\/a><\/div>\n<\/div>\n<div class=\"post\">\n<h2>Formulaire de contact:<\/h2>\n\n<div class=\"wpcf7 no-js\" id=\"wpcf7-f970-o1\" lang=\"en-US\" dir=\"ltr\" data-wpcf7-id=\"970\">\n<div class=\"screen-reader-response\"><p role=\"status\" aria-live=\"polite\" aria-atomic=\"true\"><\/p> <ul><\/ul><\/div>\n<form action=\"\/fr\/wp-json\/wp\/v2\/pages\/550#wpcf7-f970-o1\" method=\"post\" class=\"wpcf7-form init wpcf7-acceptance-as-validation\" aria-label=\"Contact form\" novalidate=\"novalidate\" data-status=\"init\">\n<fieldset class=\"hidden-fields-container\"><input type=\"hidden\" name=\"_wpcf7\" value=\"970\" \/><input type=\"hidden\" name=\"_wpcf7_version\" value=\"6.1.5\" \/><input type=\"hidden\" name=\"_wpcf7_locale\" value=\"en_US\" \/><input type=\"hidden\" name=\"_wpcf7_unit_tag\" value=\"wpcf7-f970-o1\" \/><input type=\"hidden\" name=\"_wpcf7_container_post\" value=\"0\" \/><input type=\"hidden\" name=\"_wpcf7_posted_data_hash\" value=\"\" \/>\n<\/fieldset>\n<p><strong>Nom<\/strong> (n\u00e9cessaire)\n<\/p>\n<p><span class=\"wpcf7-form-control-wrap\" data-name=\"your-name\"><input size=\"40\" maxlength=\"400\" class=\"wpcf7-form-control wpcf7-text wpcf7-validates-as-required kontaktform\" aria-required=\"true\" aria-invalid=\"false\" value=\"\" type=\"text\" name=\"your-name\" \/><\/span>\n<\/p>\n<p><strong>Mail<\/strong> (n\u00e9cessaire)\n<\/p>\n<p><span class=\"wpcf7-form-control-wrap\" data-name=\"your-email\"><input size=\"40\" maxlength=\"400\" class=\"wpcf7-form-control wpcf7-email wpcf7-validates-as-required wpcf7-text wpcf7-validates-as-email kontaktform\" aria-required=\"true\" aria-invalid=\"false\" value=\"\" type=\"email\" name=\"your-email\" \/><\/span>\n<\/p>\n<p><strong>Concerne<\/strong>\n<\/p>\n<p><span class=\"wpcf7-form-control-wrap\" data-name=\"your-subject\"><input size=\"40\" maxlength=\"400\" class=\"wpcf7-form-control wpcf7-text kontaktform\" aria-invalid=\"false\" value=\"\" type=\"text\" name=\"your-subject\" \/><\/span>\n<\/p>\n<p><strong>Message<\/strong> (n\u00e9cessaire)\n<\/p>\n<p><span class=\"wpcf7-form-control-wrap\" data-name=\"your-message\"><textarea cols=\"40\" rows=\"10\" maxlength=\"2000\" class=\"wpcf7-form-control wpcf7-textarea wpcf7-validates-as-required kontaktform\" aria-required=\"true\" aria-invalid=\"false\" name=\"your-message\"><\/textarea><\/span>\n<\/p>\n<p><span class=\"wpcf7-form-control-wrap\" data-name=\"accept-this\"><span class=\"wpcf7-form-control wpcf7-acceptance\"><span class=\"wpcf7-list-item\"><label><input type=\"checkbox\" name=\"accept-this\" value=\"1\" aria-invalid=\"false\" \/><span class=\"wpcf7-list-item-label\">J'accepte que mes donn\u00e9es puissent \u00eatre utilis\u00e9es pour traiter ma demande (d'autres informations et instructions de r\u00e9vocation peuvent \u00eatre trouv\u00e9es dans la d\u00e9claration de confidentialit\u00e9).<\/span><\/label><\/span><\/span><\/span>\n<\/p>\n<p><input class=\"wpcf7-form-control wpcf7-submit has-spinner kontaktButton\" type=\"submit\" value=\"Envoyer\" \/>\n<\/p><div class=\"wpcf7-response-output\" aria-hidden=\"true\"><\/div>\n<\/form>\n<\/div>\n\n<\/div>\n<div class=\"post\">\n<h2>Repr\u00e9sentants<\/h2>\n<h3 id=\"France\">Repr\u00e9sentant de France<\/h3>\n<p><a class=\"cboxElement\" href=\"https:\/\/silence-aircraft.de\/wp-content\/uploads\/2011\/07\/crispinvincentibrown.jpg\"><img loading=\"lazy\" decoding=\"async\" class=\"alignright size-thumbnail wp-image-598\" title=\"Crispin Vincenti-Brown\" src=\"https:\/\/silence-aircraft.de\/wp-content\/uploads\/2011\/07\/crispinvincentibrown-165x110.jpg\" alt=\"\" width=\"165\" height=\"110\" \/><\/a><strong>Crispin Vincenti-Brown<\/strong><br \/>\nLes Astiers<br \/>\n13250 Cornillon-Confoux<br \/>\nFrance<\/p>\n<p>T\u00e9l: +33.(0)4 90 .50 07 76<br \/>\nFax: +33.(0)4 90 .50 10 78<br \/>\ne-mail: <a href=\"&#x6d;&#x61;&#x69;&#x6c;&#x74;&#x6f;&#x3a;&#x63;&#x72;&#x69;&#x73;&#112;&#105;&#110;&#118;&#98;&#64;&#98;ourton&#x2e;&#x66;&#x72;\">&#x63;&#x72;&#x69;&#x73;&#x70;&#x69;&#x6e;&#118;&#98;&#64;&#98;&#111;urto&#x6e;&#x2e;&#x66;&#x72;<\/a><\/p>\n<p><a class=\"cboxElement\" href=\"https:\/\/silence-aircraft.de\/wp-content\/uploads\/2011\/07\/michelsudre.jpg\"><img loading=\"lazy\" decoding=\"async\" class=\"alignright size-thumbnail wp-image-601\" title=\"Michel Sudre\" src=\"https:\/\/silence-aircraft.de\/wp-content\/uploads\/2011\/07\/michelsudre-165x110.jpg\" alt=\"\" width=\"165\" height=\"110\" \/><\/a><strong>Michel Sudre<\/strong><br \/>\n249, chemin de Montauban<br \/>\n13450 GRANS<br \/>\nFrance<\/p>\n<p>T\u00e9l: +33.(0)4 90 .55 82 91<br \/>\ne-mail: <a href=\"&#109;&#x61;&#x69;&#108;&#x74;&#x6f;:&#x6d;&#x69;c&#104;&#x65;l&#46;&#x73;u&#100;&#x72;e&#46;&#x67;r&#97;&#x6e;&#x73;&#64;&#x66;&#x72;&#101;&#x65;&#x2e;f&#x72;\">&#x6d;&#105;&#x63;&#x68;e&#x6c;&#46;s&#x75;&#100;r&#x65;&#46;&#x67;&#x72;a&#x6e;&#115;&#64;&#x66;&#114;e&#x65;&#46;&#x66;&#x72;<\/a><\/p>\n<\/div>\n<div class=\"post\">\n<h3 id=\"UK\">Repr\u00e9sentant de Royaume-Uni<\/h3>\n<p><a class=\"cboxElement\" href=\"https:\/\/silence-aircraft.de\/wp-content\/uploads\/2011\/07\/peterwells.jpg\"><img loading=\"lazy\" decoding=\"async\" class=\"alignright size-thumbnail wp-image-600\" title=\"Peter Wells\" src=\"https:\/\/silence-aircraft.de\/wp-content\/uploads\/2011\/07\/peterwells-165x110.jpg\" alt=\"\" width=\"165\" height=\"110\" \/><\/a><strong>Zuluglasstek<\/strong><br \/>\nBaileys Farm, Westfield Road<br \/>\nLong Crendon, Aylesbury, Bucks<\/p>\n<p><a href=\"http:\/\/www.zuluglasstek.co.uk\">www.zuluglasstek.co.uk<\/a><\/p>\n<p><strong>Peter Wells <\/strong><br \/>\nphone: +44 (0) 18 44.20 81 57 (office hours only)<br \/>\ne-mail: <a href=\"m&#97;&#105;&#x6c;&#x74;&#x6f;&#x3a;z&#117;&#108;&#117;&#x67;&#x6c;&#x61;st&#101;&#107;&#x40;&#x63;&#x6c;ar&#97;&#46;&#x6e;&#x65;&#x74;\">z&#117;&#x6c;&#x75;g&#108;&#x61;&#x73;t&#101;&#107;&#x40;&#x63;l&#97;&#x72;&#x61;&#46;&#110;&#x65;&#x74;<\/a><\/p>\n<\/div>\n<div class=\"post\">\n<h3 id=\"workshop\">Builder assist workshop:<\/h3>\n<p><strong>Termikas<\/strong><br \/>\nPociunai,<br \/>\nLT- 59327 Prienai<br \/>\nLithuania<\/p>\n<p><a href=\"http:\/\/www.termikas.com\">www.termikas.com<\/a><\/p>\n<p>phone: +370.319.605 20 (office hours only)<br \/>\nfax: +370.319.605 30<\/p>\n<\/div>\n","protected":false},"excerpt":{"rendered":"<p>Nous sommes l\u00e0 pour vous Silence Aircraft GmbH An der Heller 43 33758 Schlo\u00df Holte Stukenbrock Allemagne (Google Map) T\u00e9l: +49 (0)\u00a05207 9255011 Fax: +49 (0)\u00a05207 9255020 &#105;&#x6e;&#x66;o&#64;&#x73;&#x69;l&#101;&#x6e;c&#101;&#x2d;&#x61;i&#114;&#x63;r&#97;&#x66;&#x74;&#46;&#100;&#x65; www.silence-aircraft.de Cliquer sur le nom du repr\u00e9sentant de votre pays: France: Crispin Vincenti Brown et Michel Sudre Royaume-Uni: Peter Wells Atelier d\u2019assistance pour la construction: Lithuanie Termikas &hellip; <a href=\"https:\/\/silence-aircraft.de\/fr\/contacts\/\">Continued<\/a><\/p>\n","protected":false},"author":1,"featured_media":0,"parent":0,"menu_order":0,"comment_status":"open","ping_status":"open","template":"","meta":{"ngg_post_thumbnail":0,"_vp_format_video_url":"","_vp_image_focal_point":[],"footnotes":""},"class_list":["post-550","page","type-page","status-publish","hentry"],"yoast_head":"<!-- This site is optimized with the Yoast SEO plugin v27.4 - https:\/\/yoast.com\/product\/yoast-seo-wordpress\/ -->\n<title>Contacts - Silence Aircraft GmbH<\/title>\n<meta name=\"robots\" content=\"index, follow, max-snippet:-1, max-image-preview:large, max-video-preview:-1\" \/>\n<link rel=\"canonical\" href=\"https:\/\/silence-aircraft.de\/fr\/contacts\/\" \/>\n<meta property=\"og:locale\" content=\"fr_FR\" \/>\n<meta property=\"og:type\" content=\"article\" \/>\n<meta property=\"og:title\" content=\"Contacts - Silence Aircraft GmbH\" \/>\n<meta property=\"og:description\" content=\"Nous sommes l\u00e0 pour vous Silence Aircraft GmbH An der Heller 43 33758 Schlo\u00df Holte Stukenbrock Allemagne (Google Map) T\u00e9l: +49 (0)\u00a05207 9255011 Fax: +49 (0)\u00a05207 9255020 &#x69;&#110;f&#x6f;&#064;s&#x69;&#108;e&#x6e;&#099;e&#x2d;&#097;i&#x72;&#099;r&#x61;&#102;t&#x2e;&#100;e www.silence-aircraft.de Cliquer sur le nom du repr\u00e9sentant de votre pays: France: Crispin Vincenti Brown et Michel Sudre Royaume-Uni: Peter Wells Atelier d\u2019assistance pour la construction: Lithuanie Termikas &hellip; Continued\" \/>\n<meta property=\"og:url\" content=\"https:\/\/silence-aircraft.de\/fr\/contacts\/\" \/>\n<meta property=\"og:site_name\" content=\"Silence Aircraft GmbH\" \/>\n<meta property=\"article:modified_time\" content=\"2017-12-20T12:01:10+00:00\" \/>\n<meta property=\"og:image\" content=\"https:\/\/silence-aircraft.de\/wp-content\/uploads\/2011\/07\/crispinvincentibrown-165x110.jpg\" \/>\n<meta name=\"twitter:label1\" content=\"Dur\u00e9e de lecture estim\u00e9e\" \/>\n\t<meta name=\"twitter:data1\" content=\"1 minute\" \/>\n<script type=\"application\/ld+json\" class=\"yoast-schema-graph\">{\"@context\":\"https:\\\/\\\/schema.org\",\"@graph\":[{\"@type\":\"WebPage\",\"@id\":\"https:\\\/\\\/silence-aircraft.de\\\/fr\\\/contacts\\\/\",\"url\":\"https:\\\/\\\/silence-aircraft.de\\\/fr\\\/contacts\\\/\",\"name\":\"Contacts - Silence Aircraft GmbH\",\"isPartOf\":{\"@id\":\"https:\\\/\\\/silence-aircraft.de\\\/fr\\\/#website\"},\"primaryImageOfPage\":{\"@id\":\"https:\\\/\\\/silence-aircraft.de\\\/fr\\\/contacts\\\/#primaryimage\"},\"image\":{\"@id\":\"https:\\\/\\\/silence-aircraft.de\\\/fr\\\/contacts\\\/#primaryimage\"},\"thumbnailUrl\":\"https:\\\/\\\/silence-aircraft.de\\\/wp-content\\\/uploads\\\/2011\\\/07\\\/crispinvincentibrown-165x110.jpg\",\"datePublished\":\"2011-08-03T14:35:13+00:00\",\"dateModified\":\"2017-12-20T12:01:10+00:00\",\"breadcrumb\":{\"@id\":\"https:\\\/\\\/silence-aircraft.de\\\/fr\\\/contacts\\\/#breadcrumb\"},\"inLanguage\":\"fr-FR\",\"potentialAction\":[{\"@type\":\"ReadAction\",\"target\":[\"https:\\\/\\\/silence-aircraft.de\\\/fr\\\/contacts\\\/\"]}]},{\"@type\":\"ImageObject\",\"inLanguage\":\"fr-FR\",\"@id\":\"https:\\\/\\\/silence-aircraft.de\\\/fr\\\/contacts\\\/#primaryimage\",\"url\":\"https:\\\/\\\/silence-aircraft.de\\\/wp-content\\\/uploads\\\/2011\\\/07\\\/crispinvincentibrown-165x110.jpg\",\"contentUrl\":\"https:\\\/\\\/silence-aircraft.de\\\/wp-content\\\/uploads\\\/2011\\\/07\\\/crispinvincentibrown-165x110.jpg\"},{\"@type\":\"BreadcrumbList\",\"@id\":\"https:\\\/\\\/silence-aircraft.de\\\/fr\\\/contacts\\\/#breadcrumb\",\"itemListElement\":[{\"@type\":\"ListItem\",\"position\":1,\"name\":\"Start\",\"item\":\"https:\\\/\\\/silence-aircraft.de\\\/fr\\\/\"},{\"@type\":\"ListItem\",\"position\":2,\"name\":\"Contacts\"}]},{\"@type\":\"WebSite\",\"@id\":\"https:\\\/\\\/silence-aircraft.de\\\/fr\\\/#website\",\"url\":\"https:\\\/\\\/silence-aircraft.de\\\/fr\\\/\",\"name\":\"Silence Aircraft GmbH\",\"description\":\"Flugzeugbau\",\"publisher\":{\"@id\":\"https:\\\/\\\/silence-aircraft.de\\\/fr\\\/#organization\"},\"potentialAction\":[{\"@type\":\"SearchAction\",\"target\":{\"@type\":\"EntryPoint\",\"urlTemplate\":\"https:\\\/\\\/silence-aircraft.de\\\/fr\\\/?s={search_term_string}\"},\"query-input\":{\"@type\":\"PropertyValueSpecification\",\"valueRequired\":true,\"valueName\":\"search_term_string\"}}],\"inLanguage\":\"fr-FR\"},{\"@type\":\"Organization\",\"@id\":\"https:\\\/\\\/silence-aircraft.de\\\/fr\\\/#organization\",\"name\":\"Silence aircraft GmbH\",\"url\":\"https:\\\/\\\/silence-aircraft.de\\\/fr\\\/\",\"logo\":{\"@type\":\"ImageObject\",\"inLanguage\":\"fr-FR\",\"@id\":\"https:\\\/\\\/silence-aircraft.de\\\/fr\\\/#\\\/schema\\\/logo\\\/image\\\/\",\"url\":\"https:\\\/\\\/silence-aircraft.de\\\/wp-content\\\/uploads\\\/2018\\\/01\\\/favicon.png\",\"contentUrl\":\"https:\\\/\\\/silence-aircraft.de\\\/wp-content\\\/uploads\\\/2018\\\/01\\\/favicon.png\",\"width\":512,\"height\":512,\"caption\":\"Silence aircraft GmbH\"},\"image\":{\"@id\":\"https:\\\/\\\/silence-aircraft.de\\\/fr\\\/#\\\/schema\\\/logo\\\/image\\\/\"}}]}<\/script>\n<!-- \/ Yoast SEO plugin. -->","yoast_head_json":{"title":"Contacts - Silence Aircraft GmbH","robots":{"index":"index","follow":"follow","max-snippet":"max-snippet:-1","max-image-preview":"max-image-preview:large","max-video-preview":"max-video-preview:-1"},"canonical":"https:\/\/silence-aircraft.de\/fr\/contacts\/","og_locale":"fr_FR","og_type":"article","og_title":"Contacts - Silence Aircraft GmbH","og_description":"Nous sommes l\u00e0 pour vous Silence Aircraft GmbH An der Heller 43 33758 Schlo\u00df Holte Stukenbrock Allemagne (Google Map) T\u00e9l: +49 (0)\u00a05207 9255011 Fax: +49 (0)\u00a05207 9255020 &#105;n&#x66;o&#x40;s&#x69;l&#x65;&#110;&#x63;&#101;&#x2d;&#97;&#x69;&#114;c&#114;a&#x66;t&#x2e;d&#x65; www.silence-aircraft.de Cliquer sur le nom du repr\u00e9sentant de votre pays: France: Crispin Vincenti Brown et Michel Sudre Royaume-Uni: Peter Wells Atelier d\u2019assistance pour la construction: Lithuanie Termikas &hellip; Continued","og_url":"https:\/\/silence-aircraft.de\/fr\/contacts\/","og_site_name":"Silence Aircraft GmbH","article_modified_time":"2017-12-20T12:01:10+00:00","og_image":[{"url":"https:\/\/silence-aircraft.de\/wp-content\/uploads\/2011\/07\/crispinvincentibrown-165x110.jpg","type":"","width":"","height":""}],"twitter_misc":{"Dur\u00e9e de lecture estim\u00e9e":"1 minute"},"schema":{"@context":"https:\/\/schema.org","@graph":[{"@type":"WebPage","@id":"https:\/\/silence-aircraft.de\/fr\/contacts\/","url":"https:\/\/silence-aircraft.de\/fr\/contacts\/","name":"Contacts - Silence Aircraft GmbH","isPartOf":{"@id":"https:\/\/silence-aircraft.de\/fr\/#website"},"primaryImageOfPage":{"@id":"https:\/\/silence-aircraft.de\/fr\/contacts\/#primaryimage"},"image":{"@id":"https:\/\/silence-aircraft.de\/fr\/contacts\/#primaryimage"},"thumbnailUrl":"https:\/\/silence-aircraft.de\/wp-content\/uploads\/2011\/07\/crispinvincentibrown-165x110.jpg","datePublished":"2011-08-03T14:35:13+00:00","dateModified":"2017-12-20T12:01:10+00:00","breadcrumb":{"@id":"https:\/\/silence-aircraft.de\/fr\/contacts\/#breadcrumb"},"inLanguage":"fr-FR","potentialAction":[{"@type":"ReadAction","target":["https:\/\/silence-aircraft.de\/fr\/contacts\/"]}]},{"@type":"ImageObject","inLanguage":"fr-FR","@id":"https:\/\/silence-aircraft.de\/fr\/contacts\/#primaryimage","url":"https:\/\/silence-aircraft.de\/wp-content\/uploads\/2011\/07\/crispinvincentibrown-165x110.jpg","contentUrl":"https:\/\/silence-aircraft.de\/wp-content\/uploads\/2011\/07\/crispinvincentibrown-165x110.jpg"},{"@type":"BreadcrumbList","@id":"https:\/\/silence-aircraft.de\/fr\/contacts\/#breadcrumb","itemListElement":[{"@type":"ListItem","position":1,"name":"Start","item":"https:\/\/silence-aircraft.de\/fr\/"},{"@type":"ListItem","position":2,"name":"Contacts"}]},{"@type":"WebSite","@id":"https:\/\/silence-aircraft.de\/fr\/#website","url":"https:\/\/silence-aircraft.de\/fr\/","name":"Silence Aircraft GmbH","description":"Flugzeugbau","publisher":{"@id":"https:\/\/silence-aircraft.de\/fr\/#organization"},"potentialAction":[{"@type":"SearchAction","target":{"@type":"EntryPoint","urlTemplate":"https:\/\/silence-aircraft.de\/fr\/?s={search_term_string}"},"query-input":{"@type":"PropertyValueSpecification","valueRequired":true,"valueName":"search_term_string"}}],"inLanguage":"fr-FR"},{"@type":"Organization","@id":"https:\/\/silence-aircraft.de\/fr\/#organization","name":"Silence aircraft GmbH","url":"https:\/\/silence-aircraft.de\/fr\/","logo":{"@type":"ImageObject","inLanguage":"fr-FR","@id":"https:\/\/silence-aircraft.de\/fr\/#\/schema\/logo\/image\/","url":"https:\/\/silence-aircraft.de\/wp-content\/uploads\/2018\/01\/favicon.png","contentUrl":"https:\/\/silence-aircraft.de\/wp-content\/uploads\/2018\/01\/favicon.png","width":512,"height":512,"caption":"Silence aircraft GmbH"},"image":{"@id":"https:\/\/silence-aircraft.de\/fr\/#\/schema\/logo\/image\/"}}]}},"_links":{"self":[{"href":"https:\/\/silence-aircraft.de\/fr\/wp-json\/wp\/v2\/pages\/550","targetHints":{"allow":["GET"]}}],"collection":[{"href":"https:\/\/silence-aircraft.de\/fr\/wp-json\/wp\/v2\/pages"}],"about":[{"href":"https:\/\/silence-aircraft.de\/fr\/wp-json\/wp\/v2\/types\/page"}],"author":[{"embeddable":true,"href":"https:\/\/silence-aircraft.de\/fr\/wp-json\/wp\/v2\/users\/1"}],"replies":[{"embeddable":true,"href":"https:\/\/silence-aircraft.de\/fr\/wp-json\/wp\/v2\/comments?post=550"}],"version-history":[{"count":28,"href":"https:\/\/silence-aircraft.de\/fr\/wp-json\/wp\/v2\/pages\/550\/revisions"}],"predecessor-version":[{"id":1871,"href":"https:\/\/silence-aircraft.de\/fr\/wp-json\/wp\/v2\/pages\/550\/revisions\/1871"}],"wp:attachment":[{"href":"https:\/\/silence-aircraft.de\/fr\/wp-json\/wp\/v2\/media?parent=550"}],"curies":[{"name":"wp","href":"https:\/\/api.w.org\/{rel}","templated":true}]}}