{"id":474,"date":"2011-08-01T16:36:25","date_gmt":"2011-08-01T16:36:25","guid":{"rendered":"http:\/\/formlotsen.de\/kunden\/wp_silence\/?page_id=474"},"modified":"2017-12-03T11:39:01","modified_gmt":"2017-12-03T11:39:01","slug":"a-propos-de-nous","status":"publish","type":"page","link":"https:\/\/silence-aircraft.de\/fr\/a-propos-de-nous\/","title":{"rendered":"A propos de nous"},"content":{"rendered":"<h1>Silence Aircraft GmbH<\/h1>\n<p>Silence Aircraft GmbH a \u00e9t\u00e9 fond\u00e9e en ao\u00fbt 2002 par les fr\u00e8res Thomas und Matthias Strieker. <\/p>\nngg_shortcode_0_placeholder\n<p>Son objectif \u00e9tait et reste de d\u00e9velopper et de fabriquer des produits de grande qualit\u00e9 depuis leur conception jusqu&rsquo;au produit fini. Afin d\u2019accomplir la t\u00e2che qui nous est confi\u00e9e, une \u00e9quipe extr\u00eamement motiv\u00e9e et tr\u00e8s exp\u00e9riment\u00e9e nous accompagne. Nous avons mis l&rsquo;accent sur le d\u00e9veloppement et la fabrication d&rsquo;\u00e9l\u00e9ments de construction \u00e0 base de mat\u00e9riaux composites, dont le mod\u00e9lisme fait \u00e9galement partie, assist\u00e9s par notre fraiseuse CNC \u00e0 cinq axes pour les grandes dimensions.<\/p>\n<p>Le premier produit enti\u00e8rement d\u00e9velopp\u00e9 et fabriqu\u00e9 par nos soins \u00e9tait <a href=\"https:\/\/silence-aircraft.de\/fr\/avion\/\" title=\"Avion\">l\u2019avion de voltige Silence Twister<\/a>. Nous avons particip\u00e9 dans le pass\u00e9 \u00e0 de nombreux projets similaires de construction a\u00e9ronautique, ainsi que de construction navale, d\u2019\u00e9oliennes et de sport de course automobile. En raison de la diversit\u00e9 des projets de d\u00e9veloppement, nous avons pu enrichir continuellement notre exp\u00e9rience. Nous disposons aujourd&rsquo;hui d&rsquo;un savoir solide en mati\u00e8re de conception de structures composites, de technologie de fabrication pour le modelage et la construction des moules, savoir que nous pouvons apporter aux projets de nos clients.<\/p>\n<p><a href=\"https:\/\/silence-aircraft.de\/fr\/contacts\/\" class=\"kontaktButton\">Contactez-nous<\/a><\/p>\n","protected":false},"excerpt":{"rendered":"<p>Silence Aircraft GmbH Silence Aircraft GmbH a \u00e9t\u00e9 fond\u00e9e en ao\u00fbt 2002 par les fr\u00e8res Thomas und Matthias Strieker. Son objectif \u00e9tait et reste de d\u00e9velopper et de fabriquer des produits de grande qualit\u00e9 depuis leur conception jusqu&rsquo;au produit fini. Afin d\u2019accomplir la t\u00e2che qui nous est confi\u00e9e, une \u00e9quipe extr\u00eamement motiv\u00e9e et tr\u00e8s exp\u00e9riment\u00e9e &hellip; <a href=\"https:\/\/silence-aircraft.de\/fr\/a-propos-de-nous\/\">Continued<\/a><\/p>\n","protected":false},"author":1,"featured_media":0,"parent":0,"menu_order":0,"comment_status":"closed","ping_status":"closed","template":"","meta":{"ngg_post_thumbnail":0,"_vp_format_video_url":"","_vp_image_focal_point":[],"footnotes":""},"class_list":["post-474","page","type-page","status-publish","hentry"],"yoast_head":"<!-- This site is optimized with the Yoast SEO plugin v27.4 - https:\/\/yoast.com\/product\/yoast-seo-wordpress\/ -->\n<title>A propos de nous - Silence Aircraft GmbH<\/title>\n<meta name=\"description\" content=\"Silence Aircraft GmbH a \u00e9t\u00e9 fond\u00e9e en ao\u00fbt 2002 par les fr\u00e8res Thomas und Matthias Strieker.\" \/>\n<meta name=\"robots\" content=\"index, follow, max-snippet:-1, max-image-preview:large, max-video-preview:-1\" \/>\n<link rel=\"canonical\" href=\"https:\/\/silence-aircraft.de\/fr\/a-propos-de-nous\/\" \/>\n<meta property=\"og:locale\" content=\"fr_FR\" \/>\n<meta property=\"og:type\" content=\"article\" \/>\n<meta property=\"og:title\" content=\"A propos de nous - Silence Aircraft GmbH\" \/>\n<meta property=\"og:description\" content=\"Silence Aircraft GmbH a \u00e9t\u00e9 fond\u00e9e en ao\u00fbt 2002 par les fr\u00e8res Thomas und Matthias Strieker.\" \/>\n<meta property=\"og:url\" content=\"https:\/\/silence-aircraft.de\/fr\/a-propos-de-nous\/\" \/>\n<meta property=\"og:site_name\" content=\"Silence Aircraft GmbH\" \/>\n<meta property=\"article:modified_time\" content=\"2017-12-03T11:39:01+00:00\" \/>\n<meta property=\"og:image\" content=\"https:\/\/silence-aircraft.de\/wp-content\/uploads\/2011\/07\/silence_twister_01_GR1.jpg\" \/>\n\t<meta property=\"og:image:width\" content=\"800\" \/>\n\t<meta property=\"og:image:height\" content=\"649\" \/>\n\t<meta property=\"og:image:type\" content=\"image\/jpeg\" \/>\n<meta name=\"twitter:label1\" content=\"Dur\u00e9e de lecture estim\u00e9e\" \/>\n\t<meta name=\"twitter:data1\" content=\"1 minute\" \/>\n<script type=\"application\/ld+json\" class=\"yoast-schema-graph\">{\"@context\":\"https:\\\/\\\/schema.org\",\"@graph\":[{\"@type\":\"WebPage\",\"@id\":\"https:\\\/\\\/silence-aircraft.de\\\/fr\\\/a-propos-de-nous\\\/\",\"url\":\"https:\\\/\\\/silence-aircraft.de\\\/fr\\\/a-propos-de-nous\\\/\",\"name\":\"A propos de nous - Silence Aircraft GmbH\",\"isPartOf\":{\"@id\":\"https:\\\/\\\/silence-aircraft.de\\\/fr\\\/#website\"},\"datePublished\":\"2011-08-01T16:36:25+00:00\",\"dateModified\":\"2017-12-03T11:39:01+00:00\",\"description\":\"Silence Aircraft GmbH a \u00e9t\u00e9 fond\u00e9e en ao\u00fbt 2002 par les fr\u00e8res Thomas und Matthias Strieker.\",\"breadcrumb\":{\"@id\":\"https:\\\/\\\/silence-aircraft.de\\\/fr\\\/a-propos-de-nous\\\/#breadcrumb\"},\"inLanguage\":\"fr-FR\",\"potentialAction\":[{\"@type\":\"ReadAction\",\"target\":[\"https:\\\/\\\/silence-aircraft.de\\\/fr\\\/a-propos-de-nous\\\/\"]}]},{\"@type\":\"BreadcrumbList\",\"@id\":\"https:\\\/\\\/silence-aircraft.de\\\/fr\\\/a-propos-de-nous\\\/#breadcrumb\",\"itemListElement\":[{\"@type\":\"ListItem\",\"position\":1,\"name\":\"Start\",\"item\":\"https:\\\/\\\/silence-aircraft.de\\\/fr\\\/\"},{\"@type\":\"ListItem\",\"position\":2,\"name\":\"A propos de nous\"}]},{\"@type\":\"WebSite\",\"@id\":\"https:\\\/\\\/silence-aircraft.de\\\/fr\\\/#website\",\"url\":\"https:\\\/\\\/silence-aircraft.de\\\/fr\\\/\",\"name\":\"Silence Aircraft GmbH\",\"description\":\"Flugzeugbau\",\"publisher\":{\"@id\":\"https:\\\/\\\/silence-aircraft.de\\\/fr\\\/#organization\"},\"potentialAction\":[{\"@type\":\"SearchAction\",\"target\":{\"@type\":\"EntryPoint\",\"urlTemplate\":\"https:\\\/\\\/silence-aircraft.de\\\/fr\\\/?s={search_term_string}\"},\"query-input\":{\"@type\":\"PropertyValueSpecification\",\"valueRequired\":true,\"valueName\":\"search_term_string\"}}],\"inLanguage\":\"fr-FR\"},{\"@type\":\"Organization\",\"@id\":\"https:\\\/\\\/silence-aircraft.de\\\/fr\\\/#organization\",\"name\":\"Silence aircraft GmbH\",\"url\":\"https:\\\/\\\/silence-aircraft.de\\\/fr\\\/\",\"logo\":{\"@type\":\"ImageObject\",\"inLanguage\":\"fr-FR\",\"@id\":\"https:\\\/\\\/silence-aircraft.de\\\/fr\\\/#\\\/schema\\\/logo\\\/image\\\/\",\"url\":\"https:\\\/\\\/silence-aircraft.de\\\/wp-content\\\/uploads\\\/2018\\\/01\\\/favicon.png\",\"contentUrl\":\"https:\\\/\\\/silence-aircraft.de\\\/wp-content\\\/uploads\\\/2018\\\/01\\\/favicon.png\",\"width\":512,\"height\":512,\"caption\":\"Silence aircraft GmbH\"},\"image\":{\"@id\":\"https:\\\/\\\/silence-aircraft.de\\\/fr\\\/#\\\/schema\\\/logo\\\/image\\\/\"}}]}<\/script>\n<!-- \/ Yoast SEO plugin. -->","yoast_head_json":{"title":"A propos de nous - Silence Aircraft GmbH","description":"Silence Aircraft GmbH a \u00e9t\u00e9 fond\u00e9e en ao\u00fbt 2002 par les fr\u00e8res Thomas und Matthias Strieker.","robots":{"index":"index","follow":"follow","max-snippet":"max-snippet:-1","max-image-preview":"max-image-preview:large","max-video-preview":"max-video-preview:-1"},"canonical":"https:\/\/silence-aircraft.de\/fr\/a-propos-de-nous\/","og_locale":"fr_FR","og_type":"article","og_title":"A propos de nous - Silence Aircraft GmbH","og_description":"Silence Aircraft GmbH a \u00e9t\u00e9 fond\u00e9e en ao\u00fbt 2002 par les fr\u00e8res Thomas und Matthias Strieker.","og_url":"https:\/\/silence-aircraft.de\/fr\/a-propos-de-nous\/","og_site_name":"Silence Aircraft GmbH","article_modified_time":"2017-12-03T11:39:01+00:00","og_image":[{"width":800,"height":649,"url":"https:\/\/silence-aircraft.de\/wp-content\/uploads\/2011\/07\/silence_twister_01_GR1.jpg","type":"image\/jpeg"}],"twitter_misc":{"Dur\u00e9e de lecture estim\u00e9e":"1 minute"},"schema":{"@context":"https:\/\/schema.org","@graph":[{"@type":"WebPage","@id":"https:\/\/silence-aircraft.de\/fr\/a-propos-de-nous\/","url":"https:\/\/silence-aircraft.de\/fr\/a-propos-de-nous\/","name":"A propos de nous - Silence Aircraft GmbH","isPartOf":{"@id":"https:\/\/silence-aircraft.de\/fr\/#website"},"datePublished":"2011-08-01T16:36:25+00:00","dateModified":"2017-12-03T11:39:01+00:00","description":"Silence Aircraft GmbH a \u00e9t\u00e9 fond\u00e9e en ao\u00fbt 2002 par les fr\u00e8res Thomas und Matthias Strieker.","breadcrumb":{"@id":"https:\/\/silence-aircraft.de\/fr\/a-propos-de-nous\/#breadcrumb"},"inLanguage":"fr-FR","potentialAction":[{"@type":"ReadAction","target":["https:\/\/silence-aircraft.de\/fr\/a-propos-de-nous\/"]}]},{"@type":"BreadcrumbList","@id":"https:\/\/silence-aircraft.de\/fr\/a-propos-de-nous\/#breadcrumb","itemListElement":[{"@type":"ListItem","position":1,"name":"Start","item":"https:\/\/silence-aircraft.de\/fr\/"},{"@type":"ListItem","position":2,"name":"A propos de nous"}]},{"@type":"WebSite","@id":"https:\/\/silence-aircraft.de\/fr\/#website","url":"https:\/\/silence-aircraft.de\/fr\/","name":"Silence Aircraft GmbH","description":"Flugzeugbau","publisher":{"@id":"https:\/\/silence-aircraft.de\/fr\/#organization"},"potentialAction":[{"@type":"SearchAction","target":{"@type":"EntryPoint","urlTemplate":"https:\/\/silence-aircraft.de\/fr\/?s={search_term_string}"},"query-input":{"@type":"PropertyValueSpecification","valueRequired":true,"valueName":"search_term_string"}}],"inLanguage":"fr-FR"},{"@type":"Organization","@id":"https:\/\/silence-aircraft.de\/fr\/#organization","name":"Silence aircraft GmbH","url":"https:\/\/silence-aircraft.de\/fr\/","logo":{"@type":"ImageObject","inLanguage":"fr-FR","@id":"https:\/\/silence-aircraft.de\/fr\/#\/schema\/logo\/image\/","url":"https:\/\/silence-aircraft.de\/wp-content\/uploads\/2018\/01\/favicon.png","contentUrl":"https:\/\/silence-aircraft.de\/wp-content\/uploads\/2018\/01\/favicon.png","width":512,"height":512,"caption":"Silence aircraft GmbH"},"image":{"@id":"https:\/\/silence-aircraft.de\/fr\/#\/schema\/logo\/image\/"}}]}},"_links":{"self":[{"href":"https:\/\/silence-aircraft.de\/fr\/wp-json\/wp\/v2\/pages\/474","targetHints":{"allow":["GET"]}}],"collection":[{"href":"https:\/\/silence-aircraft.de\/fr\/wp-json\/wp\/v2\/pages"}],"about":[{"href":"https:\/\/silence-aircraft.de\/fr\/wp-json\/wp\/v2\/types\/page"}],"author":[{"embeddable":true,"href":"https:\/\/silence-aircraft.de\/fr\/wp-json\/wp\/v2\/users\/1"}],"replies":[{"embeddable":true,"href":"https:\/\/silence-aircraft.de\/fr\/wp-json\/wp\/v2\/comments?post=474"}],"version-history":[{"count":16,"href":"https:\/\/silence-aircraft.de\/fr\/wp-json\/wp\/v2\/pages\/474\/revisions"}],"predecessor-version":[{"id":1840,"href":"https:\/\/silence-aircraft.de\/fr\/wp-json\/wp\/v2\/pages\/474\/revisions\/1840"}],"wp:attachment":[{"href":"https:\/\/silence-aircraft.de\/fr\/wp-json\/wp\/v2\/media?parent=474"}],"curies":[{"name":"wp","href":"https:\/\/api.w.org\/{rel}","templated":true}]}}