{"id":395,"date":"2011-08-01T11:13:56","date_gmt":"2011-08-01T11:13:56","guid":{"rendered":"http:\/\/formlotsen.de\/kunden\/wp_silence\/?page_id=395"},"modified":"2017-12-03T11:35:16","modified_gmt":"2017-12-03T11:35:16","slug":"remorque","status":"publish","type":"page","link":"https:\/\/silence-aircraft.de\/fr\/avion\/remorque\/","title":{"rendered":"Remorque"},"content":{"rendered":"<h1>La remorque, l&rsquo;alternative id\u00e9ale au hangar!<\/h1>\nngg_shortcode_0_placeholder\n<p>Aller \u00e0 l\u2019a\u00e9roport est un plaisir car aussi bien vide qu&rsquo;en charge, votre remorque tient bien la route. Le montage ou le d\u00e9montage du Silence Twister peut \u00eatre conduit la remorque \u00e9tant attach\u00e9e au v\u00e9hicule de remorquage. L\u2019important angle d\u2019ouverture, les accessoire de manutention, rendent tr\u00e8s facile le chargement des \u00e9l\u00e9ments de l\u2019avion. Votre Silence Twister est en s\u00e9curit\u00e9 d\u00e8s lors qu\u2019il est dans la remorque.<br \/>\nPour aller voler il sera plus rapide de monter votre avion a partir de la remorque que de le sortir de hangar.<\/p>\n<p>Une personne peut monter le Silence Twister en dix minutes.<\/p>\n<p><a href=\"https:\/\/silence-aircraft.de\/fr\/contacts\/\" class=\"kontaktButton\">Contactez-nous<\/a><\/p>\n","protected":false},"excerpt":{"rendered":"<p>La remorque, l&rsquo;alternative id\u00e9ale au hangar! Aller \u00e0 l\u2019a\u00e9roport est un plaisir car aussi bien vide qu&rsquo;en charge, votre remorque tient bien la route. Le montage ou le d\u00e9montage du Silence Twister peut \u00eatre conduit la remorque \u00e9tant attach\u00e9e au v\u00e9hicule de remorquage. L\u2019important angle d\u2019ouverture, les accessoire de manutention, rendent tr\u00e8s facile le chargement &hellip; <a href=\"https:\/\/silence-aircraft.de\/fr\/avion\/remorque\/\">Continued<\/a><\/p>\n","protected":false},"author":1,"featured_media":0,"parent":210,"menu_order":0,"comment_status":"open","ping_status":"open","template":"","meta":{"ngg_post_thumbnail":0,"_vp_format_video_url":"","_vp_image_focal_point":[],"footnotes":""},"class_list":["post-395","page","type-page","status-publish","hentry"],"yoast_head":"<!-- This site is optimized with the Yoast SEO plugin v26.6 - https:\/\/yoast.com\/wordpress\/plugins\/seo\/ -->\n<title>Remorque - Silence Aircraft GmbH<\/title>\n<meta name=\"description\" content=\"La remorque, l&#039;alternative id\u00e9ale au hangar! Une personne peut monter le Silence Twister en dix minutes.\" \/>\n<meta name=\"robots\" content=\"index, follow, max-snippet:-1, max-image-preview:large, max-video-preview:-1\" \/>\n<link rel=\"canonical\" href=\"https:\/\/silence-aircraft.de\/fr\/avion\/remorque\/\" \/>\n<meta property=\"og:locale\" content=\"fr_FR\" \/>\n<meta property=\"og:type\" content=\"article\" \/>\n<meta property=\"og:title\" content=\"Remorque - Silence Aircraft GmbH\" \/>\n<meta property=\"og:description\" content=\"La remorque, l&#039;alternative id\u00e9ale au hangar! Une personne peut monter le Silence Twister en dix minutes.\" \/>\n<meta property=\"og:url\" content=\"https:\/\/silence-aircraft.de\/fr\/avion\/remorque\/\" \/>\n<meta property=\"og:site_name\" content=\"Silence Aircraft GmbH\" \/>\n<meta property=\"article:modified_time\" content=\"2017-12-03T11:35:16+00:00\" \/>\n<meta property=\"og:image\" content=\"https:\/\/silence-aircraft.de\/wp-content\/uploads\/2011\/07\/silence_twister_01_GR1.jpg\" \/>\n\t<meta property=\"og:image:width\" content=\"800\" \/>\n\t<meta property=\"og:image:height\" content=\"649\" \/>\n\t<meta property=\"og:image:type\" content=\"image\/jpeg\" \/>\n<meta name=\"twitter:label1\" content=\"Dur\u00e9e de lecture estim\u00e9e\" \/>\n\t<meta name=\"twitter:data1\" content=\"1 minute\" \/>\n<script type=\"application\/ld+json\" class=\"yoast-schema-graph\">{\"@context\":\"https:\/\/schema.org\",\"@graph\":[{\"@type\":\"WebPage\",\"@id\":\"https:\/\/silence-aircraft.de\/fr\/avion\/remorque\/\",\"url\":\"https:\/\/silence-aircraft.de\/fr\/avion\/remorque\/\",\"name\":\"Remorque - Silence Aircraft GmbH\",\"isPartOf\":{\"@id\":\"https:\/\/silence-aircraft.de\/fr\/#website\"},\"datePublished\":\"2011-08-01T11:13:56+00:00\",\"dateModified\":\"2017-12-03T11:35:16+00:00\",\"description\":\"La remorque, l'alternative id\u00e9ale au hangar! Une personne peut monter le Silence Twister en dix minutes.\",\"breadcrumb\":{\"@id\":\"https:\/\/silence-aircraft.de\/fr\/avion\/remorque\/#breadcrumb\"},\"inLanguage\":\"fr-FR\",\"potentialAction\":[{\"@type\":\"ReadAction\",\"target\":[\"https:\/\/silence-aircraft.de\/fr\/avion\/remorque\/\"]}]},{\"@type\":\"BreadcrumbList\",\"@id\":\"https:\/\/silence-aircraft.de\/fr\/avion\/remorque\/#breadcrumb\",\"itemListElement\":[{\"@type\":\"ListItem\",\"position\":1,\"name\":\"Start\",\"item\":\"https:\/\/silence-aircraft.de\/fr\/\"},{\"@type\":\"ListItem\",\"position\":2,\"name\":\"Avion\",\"item\":\"https:\/\/silence-aircraft.de\/fr\/avion\/\"},{\"@type\":\"ListItem\",\"position\":3,\"name\":\"Remorque\"}]},{\"@type\":\"WebSite\",\"@id\":\"https:\/\/silence-aircraft.de\/fr\/#website\",\"url\":\"https:\/\/silence-aircraft.de\/fr\/\",\"name\":\"Silence Aircraft GmbH\",\"description\":\"Flugzeugbau\",\"publisher\":{\"@id\":\"https:\/\/silence-aircraft.de\/fr\/#organization\"},\"potentialAction\":[{\"@type\":\"SearchAction\",\"target\":{\"@type\":\"EntryPoint\",\"urlTemplate\":\"https:\/\/silence-aircraft.de\/fr\/?s={search_term_string}\"},\"query-input\":{\"@type\":\"PropertyValueSpecification\",\"valueRequired\":true,\"valueName\":\"search_term_string\"}}],\"inLanguage\":\"fr-FR\"},{\"@type\":\"Organization\",\"@id\":\"https:\/\/silence-aircraft.de\/fr\/#organization\",\"name\":\"Silence aircraft GmbH\",\"url\":\"https:\/\/silence-aircraft.de\/fr\/\",\"logo\":{\"@type\":\"ImageObject\",\"inLanguage\":\"fr-FR\",\"@id\":\"https:\/\/silence-aircraft.de\/fr\/#\/schema\/logo\/image\/\",\"url\":\"https:\/\/silence-aircraft.de\/wp-content\/uploads\/2018\/01\/favicon.png\",\"contentUrl\":\"https:\/\/silence-aircraft.de\/wp-content\/uploads\/2018\/01\/favicon.png\",\"width\":512,\"height\":512,\"caption\":\"Silence aircraft GmbH\"},\"image\":{\"@id\":\"https:\/\/silence-aircraft.de\/fr\/#\/schema\/logo\/image\/\"}}]}<\/script>\n<!-- \/ Yoast SEO plugin. -->","yoast_head_json":{"title":"Remorque - Silence Aircraft GmbH","description":"La remorque, l'alternative id\u00e9ale au hangar! Une personne peut monter le Silence Twister en dix minutes.","robots":{"index":"index","follow":"follow","max-snippet":"max-snippet:-1","max-image-preview":"max-image-preview:large","max-video-preview":"max-video-preview:-1"},"canonical":"https:\/\/silence-aircraft.de\/fr\/avion\/remorque\/","og_locale":"fr_FR","og_type":"article","og_title":"Remorque - Silence Aircraft GmbH","og_description":"La remorque, l'alternative id\u00e9ale au hangar! Une personne peut monter le Silence Twister en dix minutes.","og_url":"https:\/\/silence-aircraft.de\/fr\/avion\/remorque\/","og_site_name":"Silence Aircraft GmbH","article_modified_time":"2017-12-03T11:35:16+00:00","og_image":[{"width":800,"height":649,"url":"https:\/\/silence-aircraft.de\/wp-content\/uploads\/2011\/07\/silence_twister_01_GR1.jpg","type":"image\/jpeg"}],"twitter_misc":{"Dur\u00e9e de lecture estim\u00e9e":"1 minute"},"schema":{"@context":"https:\/\/schema.org","@graph":[{"@type":"WebPage","@id":"https:\/\/silence-aircraft.de\/fr\/avion\/remorque\/","url":"https:\/\/silence-aircraft.de\/fr\/avion\/remorque\/","name":"Remorque - Silence Aircraft GmbH","isPartOf":{"@id":"https:\/\/silence-aircraft.de\/fr\/#website"},"datePublished":"2011-08-01T11:13:56+00:00","dateModified":"2017-12-03T11:35:16+00:00","description":"La remorque, l'alternative id\u00e9ale au hangar! Une personne peut monter le Silence Twister en dix minutes.","breadcrumb":{"@id":"https:\/\/silence-aircraft.de\/fr\/avion\/remorque\/#breadcrumb"},"inLanguage":"fr-FR","potentialAction":[{"@type":"ReadAction","target":["https:\/\/silence-aircraft.de\/fr\/avion\/remorque\/"]}]},{"@type":"BreadcrumbList","@id":"https:\/\/silence-aircraft.de\/fr\/avion\/remorque\/#breadcrumb","itemListElement":[{"@type":"ListItem","position":1,"name":"Start","item":"https:\/\/silence-aircraft.de\/fr\/"},{"@type":"ListItem","position":2,"name":"Avion","item":"https:\/\/silence-aircraft.de\/fr\/avion\/"},{"@type":"ListItem","position":3,"name":"Remorque"}]},{"@type":"WebSite","@id":"https:\/\/silence-aircraft.de\/fr\/#website","url":"https:\/\/silence-aircraft.de\/fr\/","name":"Silence Aircraft GmbH","description":"Flugzeugbau","publisher":{"@id":"https:\/\/silence-aircraft.de\/fr\/#organization"},"potentialAction":[{"@type":"SearchAction","target":{"@type":"EntryPoint","urlTemplate":"https:\/\/silence-aircraft.de\/fr\/?s={search_term_string}"},"query-input":{"@type":"PropertyValueSpecification","valueRequired":true,"valueName":"search_term_string"}}],"inLanguage":"fr-FR"},{"@type":"Organization","@id":"https:\/\/silence-aircraft.de\/fr\/#organization","name":"Silence aircraft GmbH","url":"https:\/\/silence-aircraft.de\/fr\/","logo":{"@type":"ImageObject","inLanguage":"fr-FR","@id":"https:\/\/silence-aircraft.de\/fr\/#\/schema\/logo\/image\/","url":"https:\/\/silence-aircraft.de\/wp-content\/uploads\/2018\/01\/favicon.png","contentUrl":"https:\/\/silence-aircraft.de\/wp-content\/uploads\/2018\/01\/favicon.png","width":512,"height":512,"caption":"Silence aircraft GmbH"},"image":{"@id":"https:\/\/silence-aircraft.de\/fr\/#\/schema\/logo\/image\/"}}]}},"_links":{"self":[{"href":"https:\/\/silence-aircraft.de\/fr\/wp-json\/wp\/v2\/pages\/395","targetHints":{"allow":["GET"]}}],"collection":[{"href":"https:\/\/silence-aircraft.de\/fr\/wp-json\/wp\/v2\/pages"}],"about":[{"href":"https:\/\/silence-aircraft.de\/fr\/wp-json\/wp\/v2\/types\/page"}],"author":[{"embeddable":true,"href":"https:\/\/silence-aircraft.de\/fr\/wp-json\/wp\/v2\/users\/1"}],"replies":[{"embeddable":true,"href":"https:\/\/silence-aircraft.de\/fr\/wp-json\/wp\/v2\/comments?post=395"}],"version-history":[{"count":8,"href":"https:\/\/silence-aircraft.de\/fr\/wp-json\/wp\/v2\/pages\/395\/revisions"}],"predecessor-version":[{"id":1820,"href":"https:\/\/silence-aircraft.de\/fr\/wp-json\/wp\/v2\/pages\/395\/revisions\/1820"}],"up":[{"embeddable":true,"href":"https:\/\/silence-aircraft.de\/fr\/wp-json\/wp\/v2\/pages\/210"}],"wp:attachment":[{"href":"https:\/\/silence-aircraft.de\/fr\/wp-json\/wp\/v2\/media?parent=395"}],"curies":[{"name":"wp","href":"https:\/\/api.w.org\/{rel}","templated":true}]}}