{"id":363,"date":"2011-07-30T08:56:06","date_gmt":"2011-07-30T08:56:06","guid":{"rendered":"http:\/\/formlotsen.de\/kunden\/wp_silence\/?page_id=363"},"modified":"2017-12-05T13:55:50","modified_gmt":"2017-12-05T13:55:50","slug":"references","status":"publish","type":"page","link":"https:\/\/silence-aircraft.de\/fr\/a-propos-de-nous\/references\/","title":{"rendered":"R\u00e9f\u00e9rences"},"content":{"rendered":"<h1>R\u00e9f\u00e9rences<\/h1>\nngg_shortcode_0_placeholder\n<ul>\n<li><strong>Alexander Schleicher<\/strong> (Segelflugzeugbau)<br \/>\nPoppenhausen (Wasserkuppe)<\/li>\n<li><strong>Boeing Phantom Works<\/strong> (Zukunftstechnologie)<br \/>\nBerlin<\/li>\n<li><strong>FH Bielefeld<\/strong> Fachbereich Maschinenbau<br \/>\nBielefeld<\/li>\n<li><strong>FH Dortmund<\/strong> (Formula Student)<br \/>\nDortmund<\/li>\n<li><strong>Fassmer GmbH und Co. KG<\/strong> (Schiffswerft)<br \/>\nBerne\/Motzen<\/li>\n<li><strong>fibretech composites GmbH<\/strong><br \/>\nBremen<\/li>\n<li><strong>Fraunhofer Institut<\/strong><br \/>\nPfinstal &#8211; Berghausen<\/li>\n<li><strong>Game Composites LLC<\/strong><br \/>\nUSA<\/li>\n<li><strong>Goodrich Lighting Systems<\/strong> (Flugzeugbeleuchtung)<br \/>\nLippstadt<\/li>\n<li><strong>Heggemann Aerospace AG<\/strong> (Flugzeugzulieferer)<br \/>\nB\u00fcren<\/li>\n<li><strong>iDs<\/strong> (industrial Design studio)<br \/>\nHamburg<\/li>\n<li><strong>Miele und Cie. KG<\/strong><br \/>\nG\u00fctersloh<\/li>\n<li><strong>REINER STEMME Utility Air-Systems GmbH<\/strong><br \/>\nWildau<\/li>\n<li><strong>Simtec Systems GmbH<\/strong><br \/>\nBraunschweig<\/li>\n<li><strong>Stemme GmbH und Co. KG<\/strong> (Flugzeugbau)<br \/>\nStrausberg<\/li>\n<li><strong>St\u00fckerj\u00fcrgen Aerospace Composite GmbH<\/strong><br \/>\n(Flugzeugzulieferer) Rietberg<\/li>\n<li><strong>Uni Paderborn<\/strong> (Neue Bahntechnik Paderborn)<br \/>\nPaderborn<\/li>\n<li><strong>XtremeAir<\/strong> (Flugzeugbau)<br \/>\nCochstedt<\/li>\n<li><strong>Yachtwerft Meyer GmbH<\/strong><br \/>\nBremen<\/li>\n<\/ul>\n","protected":false},"excerpt":{"rendered":"<p>R\u00e9f\u00e9rences Alexander Schleicher (Segelflugzeugbau) Poppenhausen (Wasserkuppe) Boeing Phantom Works (Zukunftstechnologie) Berlin FH Bielefeld Fachbereich Maschinenbau Bielefeld FH Dortmund (Formula Student) Dortmund Fassmer GmbH und Co. KG (Schiffswerft) Berne\/Motzen fibretech composites GmbH Bremen Fraunhofer Institut Pfinstal &#8211; Berghausen Game Composites LLC USA Goodrich Lighting Systems (Flugzeugbeleuchtung) Lippstadt Heggemann Aerospace AG (Flugzeugzulieferer) B\u00fcren iDs (industrial Design studio) &hellip; <a href=\"https:\/\/silence-aircraft.de\/fr\/a-propos-de-nous\/references\/\">Continued<\/a><\/p>\n","protected":false},"author":1,"featured_media":0,"parent":474,"menu_order":0,"comment_status":"open","ping_status":"open","template":"","meta":{"ngg_post_thumbnail":0,"_vp_format_video_url":"","_vp_image_focal_point":[],"footnotes":""},"class_list":["post-363","page","type-page","status-publish","hentry"],"yoast_head":"<!-- This site is optimized with the Yoast SEO plugin v27.4 - https:\/\/yoast.com\/product\/yoast-seo-wordpress\/ -->\n<title>R\u00e9f\u00e9rences - Silence Aircraft GmbH<\/title>\n<meta name=\"robots\" content=\"index, follow, max-snippet:-1, max-image-preview:large, max-video-preview:-1\" \/>\n<link rel=\"canonical\" href=\"https:\/\/silence-aircraft.de\/fr\/a-propos-de-nous\/references\/\" \/>\n<meta property=\"og:locale\" content=\"fr_FR\" \/>\n<meta property=\"og:type\" content=\"article\" \/>\n<meta property=\"og:title\" content=\"R\u00e9f\u00e9rences - Silence Aircraft GmbH\" \/>\n<meta property=\"og:description\" content=\"R\u00e9f\u00e9rences Alexander Schleicher (Segelflugzeugbau) Poppenhausen (Wasserkuppe) Boeing Phantom Works (Zukunftstechnologie) Berlin FH Bielefeld Fachbereich Maschinenbau Bielefeld FH Dortmund (Formula Student) Dortmund Fassmer GmbH und Co. KG (Schiffswerft) Berne\/Motzen fibretech composites GmbH Bremen Fraunhofer Institut Pfinstal &#8211; Berghausen Game Composites LLC USA Goodrich Lighting Systems (Flugzeugbeleuchtung) Lippstadt Heggemann Aerospace AG (Flugzeugzulieferer) B\u00fcren iDs (industrial Design studio) &hellip; Continued\" \/>\n<meta property=\"og:url\" content=\"https:\/\/silence-aircraft.de\/fr\/a-propos-de-nous\/references\/\" \/>\n<meta property=\"og:site_name\" content=\"Silence Aircraft GmbH\" \/>\n<meta property=\"article:modified_time\" content=\"2017-12-05T13:55:50+00:00\" \/>\n<meta property=\"og:image\" content=\"https:\/\/silence-aircraft.de\/wp-content\/uploads\/2011\/07\/silence_twister_01_GR1.jpg\" \/>\n\t<meta property=\"og:image:width\" content=\"800\" \/>\n\t<meta property=\"og:image:height\" content=\"649\" \/>\n\t<meta property=\"og:image:type\" content=\"image\/jpeg\" \/>\n<meta name=\"twitter:label1\" content=\"Dur\u00e9e de lecture estim\u00e9e\" \/>\n\t<meta name=\"twitter:data1\" content=\"1 minute\" \/>\n<script type=\"application\/ld+json\" class=\"yoast-schema-graph\">{\"@context\":\"https:\\\/\\\/schema.org\",\"@graph\":[{\"@type\":\"WebPage\",\"@id\":\"https:\\\/\\\/silence-aircraft.de\\\/fr\\\/a-propos-de-nous\\\/references\\\/\",\"url\":\"https:\\\/\\\/silence-aircraft.de\\\/fr\\\/a-propos-de-nous\\\/references\\\/\",\"name\":\"R\u00e9f\u00e9rences - Silence Aircraft GmbH\",\"isPartOf\":{\"@id\":\"https:\\\/\\\/silence-aircraft.de\\\/fr\\\/#website\"},\"datePublished\":\"2011-07-30T08:56:06+00:00\",\"dateModified\":\"2017-12-05T13:55:50+00:00\",\"breadcrumb\":{\"@id\":\"https:\\\/\\\/silence-aircraft.de\\\/fr\\\/a-propos-de-nous\\\/references\\\/#breadcrumb\"},\"inLanguage\":\"fr-FR\",\"potentialAction\":[{\"@type\":\"ReadAction\",\"target\":[\"https:\\\/\\\/silence-aircraft.de\\\/fr\\\/a-propos-de-nous\\\/references\\\/\"]}]},{\"@type\":\"BreadcrumbList\",\"@id\":\"https:\\\/\\\/silence-aircraft.de\\\/fr\\\/a-propos-de-nous\\\/references\\\/#breadcrumb\",\"itemListElement\":[{\"@type\":\"ListItem\",\"position\":1,\"name\":\"Start\",\"item\":\"https:\\\/\\\/silence-aircraft.de\\\/fr\\\/\"},{\"@type\":\"ListItem\",\"position\":2,\"name\":\"A propos de nous\",\"item\":\"https:\\\/\\\/silence-aircraft.de\\\/fr\\\/a-propos-de-nous\\\/\"},{\"@type\":\"ListItem\",\"position\":3,\"name\":\"R\u00e9f\u00e9rences\"}]},{\"@type\":\"WebSite\",\"@id\":\"https:\\\/\\\/silence-aircraft.de\\\/fr\\\/#website\",\"url\":\"https:\\\/\\\/silence-aircraft.de\\\/fr\\\/\",\"name\":\"Silence Aircraft GmbH\",\"description\":\"Flugzeugbau\",\"publisher\":{\"@id\":\"https:\\\/\\\/silence-aircraft.de\\\/fr\\\/#organization\"},\"potentialAction\":[{\"@type\":\"SearchAction\",\"target\":{\"@type\":\"EntryPoint\",\"urlTemplate\":\"https:\\\/\\\/silence-aircraft.de\\\/fr\\\/?s={search_term_string}\"},\"query-input\":{\"@type\":\"PropertyValueSpecification\",\"valueRequired\":true,\"valueName\":\"search_term_string\"}}],\"inLanguage\":\"fr-FR\"},{\"@type\":\"Organization\",\"@id\":\"https:\\\/\\\/silence-aircraft.de\\\/fr\\\/#organization\",\"name\":\"Silence aircraft GmbH\",\"url\":\"https:\\\/\\\/silence-aircraft.de\\\/fr\\\/\",\"logo\":{\"@type\":\"ImageObject\",\"inLanguage\":\"fr-FR\",\"@id\":\"https:\\\/\\\/silence-aircraft.de\\\/fr\\\/#\\\/schema\\\/logo\\\/image\\\/\",\"url\":\"https:\\\/\\\/silence-aircraft.de\\\/wp-content\\\/uploads\\\/2018\\\/01\\\/favicon.png\",\"contentUrl\":\"https:\\\/\\\/silence-aircraft.de\\\/wp-content\\\/uploads\\\/2018\\\/01\\\/favicon.png\",\"width\":512,\"height\":512,\"caption\":\"Silence aircraft GmbH\"},\"image\":{\"@id\":\"https:\\\/\\\/silence-aircraft.de\\\/fr\\\/#\\\/schema\\\/logo\\\/image\\\/\"}}]}<\/script>\n<!-- \/ Yoast SEO plugin. -->","yoast_head_json":{"title":"R\u00e9f\u00e9rences - Silence Aircraft GmbH","robots":{"index":"index","follow":"follow","max-snippet":"max-snippet:-1","max-image-preview":"max-image-preview:large","max-video-preview":"max-video-preview:-1"},"canonical":"https:\/\/silence-aircraft.de\/fr\/a-propos-de-nous\/references\/","og_locale":"fr_FR","og_type":"article","og_title":"R\u00e9f\u00e9rences - Silence Aircraft GmbH","og_description":"R\u00e9f\u00e9rences Alexander Schleicher (Segelflugzeugbau) Poppenhausen (Wasserkuppe) Boeing Phantom Works (Zukunftstechnologie) Berlin FH Bielefeld Fachbereich Maschinenbau Bielefeld FH Dortmund (Formula Student) Dortmund Fassmer GmbH und Co. KG (Schiffswerft) Berne\/Motzen fibretech composites GmbH Bremen Fraunhofer Institut Pfinstal &#8211; Berghausen Game Composites LLC USA Goodrich Lighting Systems (Flugzeugbeleuchtung) Lippstadt Heggemann Aerospace AG (Flugzeugzulieferer) B\u00fcren iDs (industrial Design studio) &hellip; Continued","og_url":"https:\/\/silence-aircraft.de\/fr\/a-propos-de-nous\/references\/","og_site_name":"Silence Aircraft GmbH","article_modified_time":"2017-12-05T13:55:50+00:00","og_image":[{"width":800,"height":649,"url":"https:\/\/silence-aircraft.de\/wp-content\/uploads\/2011\/07\/silence_twister_01_GR1.jpg","type":"image\/jpeg"}],"twitter_misc":{"Dur\u00e9e de lecture estim\u00e9e":"1 minute"},"schema":{"@context":"https:\/\/schema.org","@graph":[{"@type":"WebPage","@id":"https:\/\/silence-aircraft.de\/fr\/a-propos-de-nous\/references\/","url":"https:\/\/silence-aircraft.de\/fr\/a-propos-de-nous\/references\/","name":"R\u00e9f\u00e9rences - Silence Aircraft GmbH","isPartOf":{"@id":"https:\/\/silence-aircraft.de\/fr\/#website"},"datePublished":"2011-07-30T08:56:06+00:00","dateModified":"2017-12-05T13:55:50+00:00","breadcrumb":{"@id":"https:\/\/silence-aircraft.de\/fr\/a-propos-de-nous\/references\/#breadcrumb"},"inLanguage":"fr-FR","potentialAction":[{"@type":"ReadAction","target":["https:\/\/silence-aircraft.de\/fr\/a-propos-de-nous\/references\/"]}]},{"@type":"BreadcrumbList","@id":"https:\/\/silence-aircraft.de\/fr\/a-propos-de-nous\/references\/#breadcrumb","itemListElement":[{"@type":"ListItem","position":1,"name":"Start","item":"https:\/\/silence-aircraft.de\/fr\/"},{"@type":"ListItem","position":2,"name":"A propos de nous","item":"https:\/\/silence-aircraft.de\/fr\/a-propos-de-nous\/"},{"@type":"ListItem","position":3,"name":"R\u00e9f\u00e9rences"}]},{"@type":"WebSite","@id":"https:\/\/silence-aircraft.de\/fr\/#website","url":"https:\/\/silence-aircraft.de\/fr\/","name":"Silence Aircraft GmbH","description":"Flugzeugbau","publisher":{"@id":"https:\/\/silence-aircraft.de\/fr\/#organization"},"potentialAction":[{"@type":"SearchAction","target":{"@type":"EntryPoint","urlTemplate":"https:\/\/silence-aircraft.de\/fr\/?s={search_term_string}"},"query-input":{"@type":"PropertyValueSpecification","valueRequired":true,"valueName":"search_term_string"}}],"inLanguage":"fr-FR"},{"@type":"Organization","@id":"https:\/\/silence-aircraft.de\/fr\/#organization","name":"Silence aircraft GmbH","url":"https:\/\/silence-aircraft.de\/fr\/","logo":{"@type":"ImageObject","inLanguage":"fr-FR","@id":"https:\/\/silence-aircraft.de\/fr\/#\/schema\/logo\/image\/","url":"https:\/\/silence-aircraft.de\/wp-content\/uploads\/2018\/01\/favicon.png","contentUrl":"https:\/\/silence-aircraft.de\/wp-content\/uploads\/2018\/01\/favicon.png","width":512,"height":512,"caption":"Silence aircraft GmbH"},"image":{"@id":"https:\/\/silence-aircraft.de\/fr\/#\/schema\/logo\/image\/"}}]}},"_links":{"self":[{"href":"https:\/\/silence-aircraft.de\/fr\/wp-json\/wp\/v2\/pages\/363","targetHints":{"allow":["GET"]}}],"collection":[{"href":"https:\/\/silence-aircraft.de\/fr\/wp-json\/wp\/v2\/pages"}],"about":[{"href":"https:\/\/silence-aircraft.de\/fr\/wp-json\/wp\/v2\/types\/page"}],"author":[{"embeddable":true,"href":"https:\/\/silence-aircraft.de\/fr\/wp-json\/wp\/v2\/users\/1"}],"replies":[{"embeddable":true,"href":"https:\/\/silence-aircraft.de\/fr\/wp-json\/wp\/v2\/comments?post=363"}],"version-history":[{"count":7,"href":"https:\/\/silence-aircraft.de\/fr\/wp-json\/wp\/v2\/pages\/363\/revisions"}],"predecessor-version":[{"id":1862,"href":"https:\/\/silence-aircraft.de\/fr\/wp-json\/wp\/v2\/pages\/363\/revisions\/1862"}],"up":[{"embeddable":true,"href":"https:\/\/silence-aircraft.de\/fr\/wp-json\/wp\/v2\/pages\/474"}],"wp:attachment":[{"href":"https:\/\/silence-aircraft.de\/fr\/wp-json\/wp\/v2\/media?parent=363"}],"curies":[{"name":"wp","href":"https:\/\/api.w.org\/{rel}","templated":true}]}}