{"id":240,"date":"2011-07-28T20:25:47","date_gmt":"2011-07-28T20:25:47","guid":{"rendered":"http:\/\/formlotsen.de\/kunden\/wp_silence\/?page_id=240"},"modified":"2017-12-03T11:29:57","modified_gmt":"2017-12-03T11:29:57","slug":"industrie-composite","status":"publish","type":"page","link":"https:\/\/silence-aircraft.de\/fr\/industrie-composite\/","title":{"rendered":"Industrie Composite"},"content":{"rendered":"<h1> Construction composite <\/h1>\n<p>La construction l\u00e9g\u00e8re est la cl\u00e9 de la fabrication de pi\u00e8ces de machines dynamiques efficaces et des solutions permettant une manipulation ais\u00e9e.<\/p>\nngg_shortcode_0_placeholder\n<h3>D\u00e9veloppements industriels dans le domaine de la construction en fibre composite<\/h3>\n<p>La multiplicit\u00e9 des possibilit\u00e9s d&rsquo;application des mat\u00e9riaux en fibre composite est \u00e9tonnamment \u00e9tendue. Gr\u00e2ce \u00e0 leurs excellentes caract\u00e9ristiques de duret\u00e9 statiques et dynamiques associ\u00e9es \u00e0 un poids r\u00e9duit, les mat\u00e9riaux en fibre composite offrent d&rsquo;immenses avantages. Des concepts de produit peuvent \u00eatre r\u00e9alis\u00e9s selon le dernier \u00e9tat de la technique gr\u00e2ce \u00e0 l&rsquo;utilisation de mat\u00e9riaux en fibre composite.<\/p>\n<h3>Traitement sous vide et RTM (Resin Transfer Moulding)<\/h3>\n<p>La fabrication de pi\u00e8ces sandwich en nid d&rsquo;abeille avec des g\u00e9om\u00e9tries complexes est exclusivement r\u00e9alis\u00e9e gr\u00e2ce \u00e0 des op\u00e9rations sous vide. Des pi\u00e8ces en fibre composite de grande taille peuvent \u00eatre fabriqu\u00e9es en grande quantit\u00e9 par le biais du proc\u00e9d\u00e9 RTM.<\/p>\n<h3> Moulage sous pression <\/h3>\n<p>En compressant des mat\u00e9riaux en fibre composite entre deux moiti\u00e9s de moules, nous produisons des pi\u00e8ces complexes, aux dimensions exactes des deux c\u00f4t\u00e9s et avec une finition de surface de qualit\u00e9 sup\u00e9rieure et une forte teneur en fibres.<\/p>\n<h3> Technologie d&rsquo;assemblage\/ collage<\/h3>\n<p>Une multiplicit\u00e9 de possibilit\u00e9s existe pour l&rsquo;assemblage de pi\u00e8ces en fibre composite complexes. Silence Aircraft GmbH dispose du savoir-faire lui permettant d&rsquo;assembler durablement des ensembles constitutifs complexes en diff\u00e9rents mat\u00e9riaux (fibre de carbone, aluminium, bois).<\/p>\n<p><a class=\"kontaktButton\" href=\"https:\/\/silence-aircraft.de\/fr\/contacts\/\">Contactez-nous<\/a><\/p>\n","protected":false},"excerpt":{"rendered":"<p>Construction composite La construction l\u00e9g\u00e8re est la cl\u00e9 de la fabrication de pi\u00e8ces de machines dynamiques efficaces et des solutions permettant une manipulation ais\u00e9e. D\u00e9veloppements industriels dans le domaine de la construction en fibre composite La multiplicit\u00e9 des possibilit\u00e9s d&rsquo;application des mat\u00e9riaux en fibre composite est \u00e9tonnamment \u00e9tendue. Gr\u00e2ce \u00e0 leurs excellentes caract\u00e9ristiques de duret\u00e9 &hellip; <a href=\"https:\/\/silence-aircraft.de\/fr\/industrie-composite\/\">Continued<\/a><\/p>\n","protected":false},"author":1,"featured_media":0,"parent":0,"menu_order":0,"comment_status":"closed","ping_status":"closed","template":"","meta":{"ngg_post_thumbnail":0,"_vp_format_video_url":"","_vp_image_focal_point":[],"footnotes":""},"class_list":["post-240","page","type-page","status-publish","hentry"],"yoast_head":"<!-- This site is optimized with the Yoast SEO plugin v27.4 - https:\/\/yoast.com\/product\/yoast-seo-wordpress\/ -->\n<title>Industrie Composite - Silence Aircraft GmbH<\/title>\n<meta name=\"description\" content=\"La multiplicit\u00e9 des possibilit\u00e9s d&#039;application des mat\u00e9riaux en fibre composite est \u00e9tonnamment \u00e9tendue. La construction l\u00e9g\u00e8re est la cl\u00e9 de la fabrication de pi\u00e8ces de machines dynamiques.\" \/>\n<meta name=\"robots\" content=\"index, follow, max-snippet:-1, max-image-preview:large, max-video-preview:-1\" \/>\n<link rel=\"canonical\" href=\"https:\/\/silence-aircraft.de\/fr\/industrie-composite\/\" \/>\n<meta property=\"og:locale\" content=\"fr_FR\" \/>\n<meta property=\"og:type\" content=\"article\" \/>\n<meta property=\"og:title\" content=\"Industrie Composite - Silence Aircraft GmbH\" \/>\n<meta property=\"og:description\" content=\"La multiplicit\u00e9 des possibilit\u00e9s d&#039;application des mat\u00e9riaux en fibre composite est \u00e9tonnamment \u00e9tendue. La construction l\u00e9g\u00e8re est la cl\u00e9 de la fabrication de pi\u00e8ces de machines dynamiques.\" \/>\n<meta property=\"og:url\" content=\"https:\/\/silence-aircraft.de\/fr\/industrie-composite\/\" \/>\n<meta property=\"og:site_name\" content=\"Silence Aircraft GmbH\" \/>\n<meta property=\"article:modified_time\" content=\"2017-12-03T11:29:57+00:00\" \/>\n<meta property=\"og:image\" content=\"https:\/\/silence-aircraft.de\/wp-content\/uploads\/2011\/07\/silence_twister_01_GR1.jpg\" \/>\n\t<meta property=\"og:image:width\" content=\"800\" \/>\n\t<meta property=\"og:image:height\" content=\"649\" \/>\n\t<meta property=\"og:image:type\" content=\"image\/jpeg\" \/>\n<meta name=\"twitter:label1\" content=\"Dur\u00e9e de lecture estim\u00e9e\" \/>\n\t<meta name=\"twitter:data1\" content=\"1 minute\" \/>\n<script type=\"application\/ld+json\" class=\"yoast-schema-graph\">{\"@context\":\"https:\\\/\\\/schema.org\",\"@graph\":[{\"@type\":\"WebPage\",\"@id\":\"https:\\\/\\\/silence-aircraft.de\\\/fr\\\/industrie-composite\\\/\",\"url\":\"https:\\\/\\\/silence-aircraft.de\\\/fr\\\/industrie-composite\\\/\",\"name\":\"Industrie Composite - Silence Aircraft GmbH\",\"isPartOf\":{\"@id\":\"https:\\\/\\\/silence-aircraft.de\\\/fr\\\/#website\"},\"datePublished\":\"2011-07-28T20:25:47+00:00\",\"dateModified\":\"2017-12-03T11:29:57+00:00\",\"description\":\"La multiplicit\u00e9 des possibilit\u00e9s d'application des mat\u00e9riaux en fibre composite est \u00e9tonnamment \u00e9tendue. La construction l\u00e9g\u00e8re est la cl\u00e9 de la fabrication de pi\u00e8ces de machines dynamiques.\",\"breadcrumb\":{\"@id\":\"https:\\\/\\\/silence-aircraft.de\\\/fr\\\/industrie-composite\\\/#breadcrumb\"},\"inLanguage\":\"fr-FR\",\"potentialAction\":[{\"@type\":\"ReadAction\",\"target\":[\"https:\\\/\\\/silence-aircraft.de\\\/fr\\\/industrie-composite\\\/\"]}]},{\"@type\":\"BreadcrumbList\",\"@id\":\"https:\\\/\\\/silence-aircraft.de\\\/fr\\\/industrie-composite\\\/#breadcrumb\",\"itemListElement\":[{\"@type\":\"ListItem\",\"position\":1,\"name\":\"Start\",\"item\":\"https:\\\/\\\/silence-aircraft.de\\\/fr\\\/\"},{\"@type\":\"ListItem\",\"position\":2,\"name\":\"Industrie Composite\"}]},{\"@type\":\"WebSite\",\"@id\":\"https:\\\/\\\/silence-aircraft.de\\\/fr\\\/#website\",\"url\":\"https:\\\/\\\/silence-aircraft.de\\\/fr\\\/\",\"name\":\"Silence Aircraft GmbH\",\"description\":\"Flugzeugbau\",\"publisher\":{\"@id\":\"https:\\\/\\\/silence-aircraft.de\\\/fr\\\/#organization\"},\"potentialAction\":[{\"@type\":\"SearchAction\",\"target\":{\"@type\":\"EntryPoint\",\"urlTemplate\":\"https:\\\/\\\/silence-aircraft.de\\\/fr\\\/?s={search_term_string}\"},\"query-input\":{\"@type\":\"PropertyValueSpecification\",\"valueRequired\":true,\"valueName\":\"search_term_string\"}}],\"inLanguage\":\"fr-FR\"},{\"@type\":\"Organization\",\"@id\":\"https:\\\/\\\/silence-aircraft.de\\\/fr\\\/#organization\",\"name\":\"Silence aircraft GmbH\",\"url\":\"https:\\\/\\\/silence-aircraft.de\\\/fr\\\/\",\"logo\":{\"@type\":\"ImageObject\",\"inLanguage\":\"fr-FR\",\"@id\":\"https:\\\/\\\/silence-aircraft.de\\\/fr\\\/#\\\/schema\\\/logo\\\/image\\\/\",\"url\":\"https:\\\/\\\/silence-aircraft.de\\\/wp-content\\\/uploads\\\/2018\\\/01\\\/favicon.png\",\"contentUrl\":\"https:\\\/\\\/silence-aircraft.de\\\/wp-content\\\/uploads\\\/2018\\\/01\\\/favicon.png\",\"width\":512,\"height\":512,\"caption\":\"Silence aircraft GmbH\"},\"image\":{\"@id\":\"https:\\\/\\\/silence-aircraft.de\\\/fr\\\/#\\\/schema\\\/logo\\\/image\\\/\"}}]}<\/script>\n<!-- \/ Yoast SEO plugin. -->","yoast_head_json":{"title":"Industrie Composite - Silence Aircraft GmbH","description":"La multiplicit\u00e9 des possibilit\u00e9s d'application des mat\u00e9riaux en fibre composite est \u00e9tonnamment \u00e9tendue. La construction l\u00e9g\u00e8re est la cl\u00e9 de la fabrication de pi\u00e8ces de machines dynamiques.","robots":{"index":"index","follow":"follow","max-snippet":"max-snippet:-1","max-image-preview":"max-image-preview:large","max-video-preview":"max-video-preview:-1"},"canonical":"https:\/\/silence-aircraft.de\/fr\/industrie-composite\/","og_locale":"fr_FR","og_type":"article","og_title":"Industrie Composite - Silence Aircraft GmbH","og_description":"La multiplicit\u00e9 des possibilit\u00e9s d'application des mat\u00e9riaux en fibre composite est \u00e9tonnamment \u00e9tendue. La construction l\u00e9g\u00e8re est la cl\u00e9 de la fabrication de pi\u00e8ces de machines dynamiques.","og_url":"https:\/\/silence-aircraft.de\/fr\/industrie-composite\/","og_site_name":"Silence Aircraft GmbH","article_modified_time":"2017-12-03T11:29:57+00:00","og_image":[{"width":800,"height":649,"url":"https:\/\/silence-aircraft.de\/wp-content\/uploads\/2011\/07\/silence_twister_01_GR1.jpg","type":"image\/jpeg"}],"twitter_misc":{"Dur\u00e9e de lecture estim\u00e9e":"1 minute"},"schema":{"@context":"https:\/\/schema.org","@graph":[{"@type":"WebPage","@id":"https:\/\/silence-aircraft.de\/fr\/industrie-composite\/","url":"https:\/\/silence-aircraft.de\/fr\/industrie-composite\/","name":"Industrie Composite - Silence Aircraft GmbH","isPartOf":{"@id":"https:\/\/silence-aircraft.de\/fr\/#website"},"datePublished":"2011-07-28T20:25:47+00:00","dateModified":"2017-12-03T11:29:57+00:00","description":"La multiplicit\u00e9 des possibilit\u00e9s d'application des mat\u00e9riaux en fibre composite est \u00e9tonnamment \u00e9tendue. La construction l\u00e9g\u00e8re est la cl\u00e9 de la fabrication de pi\u00e8ces de machines dynamiques.","breadcrumb":{"@id":"https:\/\/silence-aircraft.de\/fr\/industrie-composite\/#breadcrumb"},"inLanguage":"fr-FR","potentialAction":[{"@type":"ReadAction","target":["https:\/\/silence-aircraft.de\/fr\/industrie-composite\/"]}]},{"@type":"BreadcrumbList","@id":"https:\/\/silence-aircraft.de\/fr\/industrie-composite\/#breadcrumb","itemListElement":[{"@type":"ListItem","position":1,"name":"Start","item":"https:\/\/silence-aircraft.de\/fr\/"},{"@type":"ListItem","position":2,"name":"Industrie Composite"}]},{"@type":"WebSite","@id":"https:\/\/silence-aircraft.de\/fr\/#website","url":"https:\/\/silence-aircraft.de\/fr\/","name":"Silence Aircraft GmbH","description":"Flugzeugbau","publisher":{"@id":"https:\/\/silence-aircraft.de\/fr\/#organization"},"potentialAction":[{"@type":"SearchAction","target":{"@type":"EntryPoint","urlTemplate":"https:\/\/silence-aircraft.de\/fr\/?s={search_term_string}"},"query-input":{"@type":"PropertyValueSpecification","valueRequired":true,"valueName":"search_term_string"}}],"inLanguage":"fr-FR"},{"@type":"Organization","@id":"https:\/\/silence-aircraft.de\/fr\/#organization","name":"Silence aircraft GmbH","url":"https:\/\/silence-aircraft.de\/fr\/","logo":{"@type":"ImageObject","inLanguage":"fr-FR","@id":"https:\/\/silence-aircraft.de\/fr\/#\/schema\/logo\/image\/","url":"https:\/\/silence-aircraft.de\/wp-content\/uploads\/2018\/01\/favicon.png","contentUrl":"https:\/\/silence-aircraft.de\/wp-content\/uploads\/2018\/01\/favicon.png","width":512,"height":512,"caption":"Silence aircraft GmbH"},"image":{"@id":"https:\/\/silence-aircraft.de\/fr\/#\/schema\/logo\/image\/"}}]}},"_links":{"self":[{"href":"https:\/\/silence-aircraft.de\/fr\/wp-json\/wp\/v2\/pages\/240","targetHints":{"allow":["GET"]}}],"collection":[{"href":"https:\/\/silence-aircraft.de\/fr\/wp-json\/wp\/v2\/pages"}],"about":[{"href":"https:\/\/silence-aircraft.de\/fr\/wp-json\/wp\/v2\/types\/page"}],"author":[{"embeddable":true,"href":"https:\/\/silence-aircraft.de\/fr\/wp-json\/wp\/v2\/users\/1"}],"replies":[{"embeddable":true,"href":"https:\/\/silence-aircraft.de\/fr\/wp-json\/wp\/v2\/comments?post=240"}],"version-history":[{"count":15,"href":"https:\/\/silence-aircraft.de\/fr\/wp-json\/wp\/v2\/pages\/240\/revisions"}],"predecessor-version":[{"id":1798,"href":"https:\/\/silence-aircraft.de\/fr\/wp-json\/wp\/v2\/pages\/240\/revisions\/1798"}],"wp:attachment":[{"href":"https:\/\/silence-aircraft.de\/fr\/wp-json\/wp\/v2\/media?parent=240"}],"curies":[{"name":"wp","href":"https:\/\/api.w.org\/{rel}","templated":true}]}}