{"id":237,"date":"2011-07-28T20:24:17","date_gmt":"2011-07-28T20:24:17","guid":{"rendered":"http:\/\/formlotsen.de\/kunden\/wp_silence\/?page_id=237"},"modified":"2017-12-03T11:30:20","modified_gmt":"2017-12-03T11:30:20","slug":"fraisage-cnc","status":"publish","type":"page","link":"https:\/\/silence-aircraft.de\/fr\/fraisage-cnc\/","title":{"rendered":"Fraisage CNC"},"content":{"rendered":"<h1> Construction de moules <\/h1>\n<p>Dans notre atelier de modelage, vos id\u00e9es deviennent r\u00e9alit\u00e9. La fabrication de moules pr\u00e9cis et de pi\u00e8ces dans le d\u00e9lai le plus court possible est d\u00e9terminante pour nos clients.<\/p>\nngg_shortcode_0_placeholder\n<h3>Simulations en 3D<\/h3>\n<p> La technique de fabrication moderne se distingue par les simulations en 3D. Silence Aircraft GmbH dispose du savoir-faire lui permettant de produire des pi\u00e8ces en format r\u00e9el dans une qualit\u00e9 proche de la fabrication en s\u00e9rie en utilisant le logiciel \u00abSolid CAM\u00bb.<\/p>\n<p>Gr\u00e2ce \u00e0 notre fraiseuse \u00e0 portique 5 axes CNC, nous fraisons des pi\u00e8ces d\u00e9taill\u00e9es en nous basant sur le plan 3D jusqu&rsquo;\u00e0 une dimension de <strong>12000 mm &times; 2300 mm &times; 1300 mm<\/strong> (multipart encore plus grande).<\/p>\n<p><a href=\"https:\/\/silence-aircraft.de\/fr\/contacts\/\" class=\"kontaktButton\">Contactez-nous<\/a><\/p>\n","protected":false},"excerpt":{"rendered":"<p>Construction de moules Dans notre atelier de modelage, vos id\u00e9es deviennent r\u00e9alit\u00e9. La fabrication de moules pr\u00e9cis et de pi\u00e8ces dans le d\u00e9lai le plus court possible est d\u00e9terminante pour nos clients. Simulations en 3D La technique de fabrication moderne se distingue par les simulations en 3D. Silence Aircraft GmbH dispose du savoir-faire lui permettant &hellip; <a href=\"https:\/\/silence-aircraft.de\/fr\/fraisage-cnc\/\">Continued<\/a><\/p>\n","protected":false},"author":1,"featured_media":0,"parent":0,"menu_order":0,"comment_status":"closed","ping_status":"closed","template":"","meta":{"ngg_post_thumbnail":0,"_vp_format_video_url":"","_vp_image_focal_point":[],"footnotes":""},"class_list":["post-237","page","type-page","status-publish","hentry"],"yoast_head":"<!-- This site is optimized with the Yoast SEO plugin v26.6 - https:\/\/yoast.com\/wordpress\/plugins\/seo\/ -->\n<title>Fraisage CNC - Silence Aircraft GmbH<\/title>\n<meta name=\"description\" content=\"Dans notre atelier de modelage, vos id\u00e9es deviennent r\u00e9alit\u00e9. La fabrication de moules pr\u00e9cis et de pi\u00e8ces dans le d\u00e9lai le plus court possible est d\u00e9terminante pour nos clients.\" \/>\n<meta name=\"robots\" content=\"index, follow, max-snippet:-1, max-image-preview:large, max-video-preview:-1\" \/>\n<link rel=\"canonical\" href=\"https:\/\/silence-aircraft.de\/fr\/fraisage-cnc\/\" \/>\n<meta property=\"og:locale\" content=\"fr_FR\" \/>\n<meta property=\"og:type\" content=\"article\" \/>\n<meta property=\"og:title\" content=\"Fraisage CNC - Silence Aircraft GmbH\" \/>\n<meta property=\"og:description\" content=\"Dans notre atelier de modelage, vos id\u00e9es deviennent r\u00e9alit\u00e9. La fabrication de moules pr\u00e9cis et de pi\u00e8ces dans le d\u00e9lai le plus court possible est d\u00e9terminante pour nos clients.\" \/>\n<meta property=\"og:url\" content=\"https:\/\/silence-aircraft.de\/fr\/fraisage-cnc\/\" \/>\n<meta property=\"og:site_name\" content=\"Silence Aircraft GmbH\" \/>\n<meta property=\"article:modified_time\" content=\"2017-12-03T11:30:20+00:00\" \/>\n<meta property=\"og:image\" content=\"https:\/\/silence-aircraft.de\/wp-content\/uploads\/2011\/07\/silence_twister_01_GR1.jpg\" \/>\n\t<meta property=\"og:image:width\" content=\"800\" \/>\n\t<meta property=\"og:image:height\" content=\"649\" \/>\n\t<meta property=\"og:image:type\" content=\"image\/jpeg\" \/>\n<meta name=\"twitter:label1\" content=\"Dur\u00e9e de lecture estim\u00e9e\" \/>\n\t<meta name=\"twitter:data1\" content=\"1 minute\" \/>\n<script type=\"application\/ld+json\" class=\"yoast-schema-graph\">{\"@context\":\"https:\/\/schema.org\",\"@graph\":[{\"@type\":\"WebPage\",\"@id\":\"https:\/\/silence-aircraft.de\/fr\/fraisage-cnc\/\",\"url\":\"https:\/\/silence-aircraft.de\/fr\/fraisage-cnc\/\",\"name\":\"Fraisage CNC - Silence Aircraft GmbH\",\"isPartOf\":{\"@id\":\"https:\/\/silence-aircraft.de\/fr\/#website\"},\"datePublished\":\"2011-07-28T20:24:17+00:00\",\"dateModified\":\"2017-12-03T11:30:20+00:00\",\"description\":\"Dans notre atelier de modelage, vos id\u00e9es deviennent r\u00e9alit\u00e9. La fabrication de moules pr\u00e9cis et de pi\u00e8ces dans le d\u00e9lai le plus court possible est d\u00e9terminante pour nos clients.\",\"breadcrumb\":{\"@id\":\"https:\/\/silence-aircraft.de\/fr\/fraisage-cnc\/#breadcrumb\"},\"inLanguage\":\"fr-FR\",\"potentialAction\":[{\"@type\":\"ReadAction\",\"target\":[\"https:\/\/silence-aircraft.de\/fr\/fraisage-cnc\/\"]}]},{\"@type\":\"BreadcrumbList\",\"@id\":\"https:\/\/silence-aircraft.de\/fr\/fraisage-cnc\/#breadcrumb\",\"itemListElement\":[{\"@type\":\"ListItem\",\"position\":1,\"name\":\"Start\",\"item\":\"https:\/\/silence-aircraft.de\/fr\/\"},{\"@type\":\"ListItem\",\"position\":2,\"name\":\"Fraisage CNC\"}]},{\"@type\":\"WebSite\",\"@id\":\"https:\/\/silence-aircraft.de\/fr\/#website\",\"url\":\"https:\/\/silence-aircraft.de\/fr\/\",\"name\":\"Silence Aircraft GmbH\",\"description\":\"Flugzeugbau\",\"publisher\":{\"@id\":\"https:\/\/silence-aircraft.de\/fr\/#organization\"},\"potentialAction\":[{\"@type\":\"SearchAction\",\"target\":{\"@type\":\"EntryPoint\",\"urlTemplate\":\"https:\/\/silence-aircraft.de\/fr\/?s={search_term_string}\"},\"query-input\":{\"@type\":\"PropertyValueSpecification\",\"valueRequired\":true,\"valueName\":\"search_term_string\"}}],\"inLanguage\":\"fr-FR\"},{\"@type\":\"Organization\",\"@id\":\"https:\/\/silence-aircraft.de\/fr\/#organization\",\"name\":\"Silence aircraft GmbH\",\"url\":\"https:\/\/silence-aircraft.de\/fr\/\",\"logo\":{\"@type\":\"ImageObject\",\"inLanguage\":\"fr-FR\",\"@id\":\"https:\/\/silence-aircraft.de\/fr\/#\/schema\/logo\/image\/\",\"url\":\"https:\/\/silence-aircraft.de\/wp-content\/uploads\/2018\/01\/favicon.png\",\"contentUrl\":\"https:\/\/silence-aircraft.de\/wp-content\/uploads\/2018\/01\/favicon.png\",\"width\":512,\"height\":512,\"caption\":\"Silence aircraft GmbH\"},\"image\":{\"@id\":\"https:\/\/silence-aircraft.de\/fr\/#\/schema\/logo\/image\/\"}}]}<\/script>\n<!-- \/ Yoast SEO plugin. -->","yoast_head_json":{"title":"Fraisage CNC - Silence Aircraft GmbH","description":"Dans notre atelier de modelage, vos id\u00e9es deviennent r\u00e9alit\u00e9. La fabrication de moules pr\u00e9cis et de pi\u00e8ces dans le d\u00e9lai le plus court possible est d\u00e9terminante pour nos clients.","robots":{"index":"index","follow":"follow","max-snippet":"max-snippet:-1","max-image-preview":"max-image-preview:large","max-video-preview":"max-video-preview:-1"},"canonical":"https:\/\/silence-aircraft.de\/fr\/fraisage-cnc\/","og_locale":"fr_FR","og_type":"article","og_title":"Fraisage CNC - Silence Aircraft GmbH","og_description":"Dans notre atelier de modelage, vos id\u00e9es deviennent r\u00e9alit\u00e9. La fabrication de moules pr\u00e9cis et de pi\u00e8ces dans le d\u00e9lai le plus court possible est d\u00e9terminante pour nos clients.","og_url":"https:\/\/silence-aircraft.de\/fr\/fraisage-cnc\/","og_site_name":"Silence Aircraft GmbH","article_modified_time":"2017-12-03T11:30:20+00:00","og_image":[{"width":800,"height":649,"url":"https:\/\/silence-aircraft.de\/wp-content\/uploads\/2011\/07\/silence_twister_01_GR1.jpg","type":"image\/jpeg"}],"twitter_misc":{"Dur\u00e9e de lecture estim\u00e9e":"1 minute"},"schema":{"@context":"https:\/\/schema.org","@graph":[{"@type":"WebPage","@id":"https:\/\/silence-aircraft.de\/fr\/fraisage-cnc\/","url":"https:\/\/silence-aircraft.de\/fr\/fraisage-cnc\/","name":"Fraisage CNC - Silence Aircraft GmbH","isPartOf":{"@id":"https:\/\/silence-aircraft.de\/fr\/#website"},"datePublished":"2011-07-28T20:24:17+00:00","dateModified":"2017-12-03T11:30:20+00:00","description":"Dans notre atelier de modelage, vos id\u00e9es deviennent r\u00e9alit\u00e9. La fabrication de moules pr\u00e9cis et de pi\u00e8ces dans le d\u00e9lai le plus court possible est d\u00e9terminante pour nos clients.","breadcrumb":{"@id":"https:\/\/silence-aircraft.de\/fr\/fraisage-cnc\/#breadcrumb"},"inLanguage":"fr-FR","potentialAction":[{"@type":"ReadAction","target":["https:\/\/silence-aircraft.de\/fr\/fraisage-cnc\/"]}]},{"@type":"BreadcrumbList","@id":"https:\/\/silence-aircraft.de\/fr\/fraisage-cnc\/#breadcrumb","itemListElement":[{"@type":"ListItem","position":1,"name":"Start","item":"https:\/\/silence-aircraft.de\/fr\/"},{"@type":"ListItem","position":2,"name":"Fraisage CNC"}]},{"@type":"WebSite","@id":"https:\/\/silence-aircraft.de\/fr\/#website","url":"https:\/\/silence-aircraft.de\/fr\/","name":"Silence Aircraft GmbH","description":"Flugzeugbau","publisher":{"@id":"https:\/\/silence-aircraft.de\/fr\/#organization"},"potentialAction":[{"@type":"SearchAction","target":{"@type":"EntryPoint","urlTemplate":"https:\/\/silence-aircraft.de\/fr\/?s={search_term_string}"},"query-input":{"@type":"PropertyValueSpecification","valueRequired":true,"valueName":"search_term_string"}}],"inLanguage":"fr-FR"},{"@type":"Organization","@id":"https:\/\/silence-aircraft.de\/fr\/#organization","name":"Silence aircraft GmbH","url":"https:\/\/silence-aircraft.de\/fr\/","logo":{"@type":"ImageObject","inLanguage":"fr-FR","@id":"https:\/\/silence-aircraft.de\/fr\/#\/schema\/logo\/image\/","url":"https:\/\/silence-aircraft.de\/wp-content\/uploads\/2018\/01\/favicon.png","contentUrl":"https:\/\/silence-aircraft.de\/wp-content\/uploads\/2018\/01\/favicon.png","width":512,"height":512,"caption":"Silence aircraft GmbH"},"image":{"@id":"https:\/\/silence-aircraft.de\/fr\/#\/schema\/logo\/image\/"}}]}},"_links":{"self":[{"href":"https:\/\/silence-aircraft.de\/fr\/wp-json\/wp\/v2\/pages\/237","targetHints":{"allow":["GET"]}}],"collection":[{"href":"https:\/\/silence-aircraft.de\/fr\/wp-json\/wp\/v2\/pages"}],"about":[{"href":"https:\/\/silence-aircraft.de\/fr\/wp-json\/wp\/v2\/types\/page"}],"author":[{"embeddable":true,"href":"https:\/\/silence-aircraft.de\/fr\/wp-json\/wp\/v2\/users\/1"}],"replies":[{"embeddable":true,"href":"https:\/\/silence-aircraft.de\/fr\/wp-json\/wp\/v2\/comments?post=237"}],"version-history":[{"count":20,"href":"https:\/\/silence-aircraft.de\/fr\/wp-json\/wp\/v2\/pages\/237\/revisions"}],"predecessor-version":[{"id":1799,"href":"https:\/\/silence-aircraft.de\/fr\/wp-json\/wp\/v2\/pages\/237\/revisions\/1799"}],"wp:attachment":[{"href":"https:\/\/silence-aircraft.de\/fr\/wp-json\/wp\/v2\/media?parent=237"}],"curies":[{"name":"wp","href":"https:\/\/api.w.org\/{rel}","templated":true}]}}