{"id":234,"date":"2011-07-28T19:53:20","date_gmt":"2011-07-28T19:53:20","guid":{"rendered":"http:\/\/formlotsen.de\/kunden\/wp_silence\/?page_id=234"},"modified":"2017-12-03T11:32:13","modified_gmt":"2017-12-03T11:32:13","slug":"kit","status":"publish","type":"page","link":"https:\/\/silence-aircraft.de\/fr\/avion\/kit\/","title":{"rendered":"Kit"},"content":{"rendered":"<h1>Silence Twister kit<\/h1>\n<h3>Construction:<\/h3>\n<p>Tous les \u00e9l\u00e9ments de structure sont pr\u00e9fabriqu\u00e9s en utilisant la derni\u00e8re technologie de sandwich nid d\u2019abeille.<\/p>\n<h3>Mat\u00e9riaux:<\/h3>\n<ul>\n<li>Nid d\u2019abeille Nomex<\/li>\n<li>Stratifi\u00e9s fibre de verre, Aramide et carbone<\/li>\n<li>R\u00e9sine \u00e9poxy<\/li>\n<\/ul>\n<h3>Fuselage:<\/h3>\n<ul>\n<li>Coque de s\u00e9curit\u00e9 int\u00e9gr\u00e9e<\/li>\n<li>Si\u00e8ge int\u00e9gr\u00e9 dans la coque de s\u00e9curit\u00e9<\/li>\n<li>Attaches de ceintures pr\u00e9fabriqu\u00e9es<\/li>\n<li>Verri\u00e8re avec fen\u00eatre mauvais temps et cadre<\/li>\n<li>Bielles de commandes de vol avec embouts pr\u00e9fabriqu\u00e9es<\/li>\n<li>Partie centrale du longeron compl\u00e8tement int\u00e9gr\u00e9e dans fuselage<\/li>\n<li>Ensemble roulette de queue pr\u00eat \u00e0 installer<\/li>\n<\/ul>\n<h3>Ailles:<\/h3>\n<ul>\n<li>Demi-ailes pr\u00e9fabriqu\u00e9es avec fixations int\u00e9gr\u00e9es <\/li>\n<li>Ailes d\u00e9montables apportant facilit\u00e9 de stockage et possibilit\u00e9 de mise en remorque (similaires aux planeurs)<\/li>\n<li>Ailerons<\/li>\n<li>Volets<\/li>\n<\/ul>\n<h3>Empennages:<\/h3>\n<ul>\n<li>D\u00e9rive<\/li>\n<li>Stabilisateurs horizontaux et profondeur<\/li>\n<\/ul>\n<h3>Kit installation pour Jabiru 2200:<\/h3>\n<ul>\n<li>Capotages<\/li>\n<li>B\u00e2ti moteur<\/li>\n<li>Quincaillerie de montage (boulons, charni\u00e8res, entretoises \u2026)<\/li>\n<li>Boitier d\u2019admission d\u2019air<\/li>\n<li>Filtre \u00e0 air<\/li>\n<\/ul>\n<h3>Train d&rsquo;atterrissage standard:<\/h3>\n<ul>\n<li>Train fixe avec jambes en fibre de verre<\/li>\n<li>Car\u00e9nages de roues a\u00e9rodynamiques<\/li>\n<\/ul>\n<h3>Options:<\/h3>\n<ul>\n<li>Remorque pour entreposage ais\u00e9 chez soi<\/li>\n<li>Train rentrant<\/li>\n<li>Int\u00e9rieur si\u00e8ge cuir<\/li>\n<\/ul>\n<p><a href=\"https:\/\/silence-aircraft.de\/fr\/contacts\/\" class=\"kontaktButton\">Contactez-nous<\/a><\/p>\n","protected":false},"excerpt":{"rendered":"<p>Silence Twister kit Construction: Tous les \u00e9l\u00e9ments de structure sont pr\u00e9fabriqu\u00e9s en utilisant la derni\u00e8re technologie de sandwich nid d\u2019abeille. Mat\u00e9riaux: Nid d\u2019abeille Nomex Stratifi\u00e9s fibre de verre, Aramide et carbone R\u00e9sine \u00e9poxy Fuselage: Coque de s\u00e9curit\u00e9 int\u00e9gr\u00e9e Si\u00e8ge int\u00e9gr\u00e9 dans la coque de s\u00e9curit\u00e9 Attaches de ceintures pr\u00e9fabriqu\u00e9es Verri\u00e8re avec fen\u00eatre mauvais temps et &hellip; <a href=\"https:\/\/silence-aircraft.de\/fr\/avion\/kit\/\">Continued<\/a><\/p>\n","protected":false},"author":1,"featured_media":0,"parent":210,"menu_order":0,"comment_status":"open","ping_status":"open","template":"","meta":{"ngg_post_thumbnail":0,"_vp_format_video_url":"","_vp_image_focal_point":[],"footnotes":""},"class_list":["post-234","page","type-page","status-publish","hentry"],"yoast_head":"<!-- This site is optimized with the Yoast SEO plugin v27.4 - https:\/\/yoast.com\/product\/yoast-seo-wordpress\/ -->\n<title>Silence Twister Kit - Silence Aircraft GmbH<\/title>\n<meta name=\"description\" content=\"Tous les \u00e9l\u00e9ments de structure sont pr\u00e9fabriqu\u00e9s en utilisant la derni\u00e8re technologie de sandwich nid d\u2019abeille.\" \/>\n<meta name=\"robots\" content=\"index, follow, max-snippet:-1, max-image-preview:large, max-video-preview:-1\" \/>\n<link rel=\"canonical\" href=\"https:\/\/silence-aircraft.de\/fr\/avion\/kit\/\" \/>\n<meta property=\"og:locale\" content=\"fr_FR\" \/>\n<meta property=\"og:type\" content=\"article\" \/>\n<meta property=\"og:title\" content=\"Silence Twister Kit - Silence Aircraft GmbH\" \/>\n<meta property=\"og:description\" content=\"Tous les \u00e9l\u00e9ments de structure sont pr\u00e9fabriqu\u00e9s en utilisant la derni\u00e8re technologie de sandwich nid d\u2019abeille.\" \/>\n<meta property=\"og:url\" content=\"https:\/\/silence-aircraft.de\/fr\/avion\/kit\/\" \/>\n<meta property=\"og:site_name\" content=\"Silence Aircraft GmbH\" \/>\n<meta property=\"article:modified_time\" content=\"2017-12-03T11:32:13+00:00\" \/>\n<meta property=\"og:image\" content=\"https:\/\/silence-aircraft.de\/wp-content\/uploads\/2011\/07\/silence_twister_01_GR1.jpg\" \/>\n\t<meta property=\"og:image:width\" content=\"800\" \/>\n\t<meta property=\"og:image:height\" content=\"649\" \/>\n\t<meta property=\"og:image:type\" content=\"image\/jpeg\" \/>\n<meta name=\"twitter:label1\" content=\"Dur\u00e9e de lecture estim\u00e9e\" \/>\n\t<meta name=\"twitter:data1\" content=\"1 minute\" \/>\n<script type=\"application\/ld+json\" class=\"yoast-schema-graph\">{\"@context\":\"https:\\\/\\\/schema.org\",\"@graph\":[{\"@type\":\"WebPage\",\"@id\":\"https:\\\/\\\/silence-aircraft.de\\\/fr\\\/avion\\\/kit\\\/\",\"url\":\"https:\\\/\\\/silence-aircraft.de\\\/fr\\\/avion\\\/kit\\\/\",\"name\":\"Silence Twister Kit - Silence Aircraft GmbH\",\"isPartOf\":{\"@id\":\"https:\\\/\\\/silence-aircraft.de\\\/fr\\\/#website\"},\"datePublished\":\"2011-07-28T19:53:20+00:00\",\"dateModified\":\"2017-12-03T11:32:13+00:00\",\"description\":\"Tous les \u00e9l\u00e9ments de structure sont pr\u00e9fabriqu\u00e9s en utilisant la derni\u00e8re technologie de sandwich nid d\u2019abeille.\",\"breadcrumb\":{\"@id\":\"https:\\\/\\\/silence-aircraft.de\\\/fr\\\/avion\\\/kit\\\/#breadcrumb\"},\"inLanguage\":\"fr-FR\",\"potentialAction\":[{\"@type\":\"ReadAction\",\"target\":[\"https:\\\/\\\/silence-aircraft.de\\\/fr\\\/avion\\\/kit\\\/\"]}]},{\"@type\":\"BreadcrumbList\",\"@id\":\"https:\\\/\\\/silence-aircraft.de\\\/fr\\\/avion\\\/kit\\\/#breadcrumb\",\"itemListElement\":[{\"@type\":\"ListItem\",\"position\":1,\"name\":\"Start\",\"item\":\"https:\\\/\\\/silence-aircraft.de\\\/fr\\\/\"},{\"@type\":\"ListItem\",\"position\":2,\"name\":\"Avion\",\"item\":\"https:\\\/\\\/silence-aircraft.de\\\/fr\\\/avion\\\/\"},{\"@type\":\"ListItem\",\"position\":3,\"name\":\"Kit\"}]},{\"@type\":\"WebSite\",\"@id\":\"https:\\\/\\\/silence-aircraft.de\\\/fr\\\/#website\",\"url\":\"https:\\\/\\\/silence-aircraft.de\\\/fr\\\/\",\"name\":\"Silence Aircraft GmbH\",\"description\":\"Flugzeugbau\",\"publisher\":{\"@id\":\"https:\\\/\\\/silence-aircraft.de\\\/fr\\\/#organization\"},\"potentialAction\":[{\"@type\":\"SearchAction\",\"target\":{\"@type\":\"EntryPoint\",\"urlTemplate\":\"https:\\\/\\\/silence-aircraft.de\\\/fr\\\/?s={search_term_string}\"},\"query-input\":{\"@type\":\"PropertyValueSpecification\",\"valueRequired\":true,\"valueName\":\"search_term_string\"}}],\"inLanguage\":\"fr-FR\"},{\"@type\":\"Organization\",\"@id\":\"https:\\\/\\\/silence-aircraft.de\\\/fr\\\/#organization\",\"name\":\"Silence aircraft GmbH\",\"url\":\"https:\\\/\\\/silence-aircraft.de\\\/fr\\\/\",\"logo\":{\"@type\":\"ImageObject\",\"inLanguage\":\"fr-FR\",\"@id\":\"https:\\\/\\\/silence-aircraft.de\\\/fr\\\/#\\\/schema\\\/logo\\\/image\\\/\",\"url\":\"https:\\\/\\\/silence-aircraft.de\\\/wp-content\\\/uploads\\\/2018\\\/01\\\/favicon.png\",\"contentUrl\":\"https:\\\/\\\/silence-aircraft.de\\\/wp-content\\\/uploads\\\/2018\\\/01\\\/favicon.png\",\"width\":512,\"height\":512,\"caption\":\"Silence aircraft GmbH\"},\"image\":{\"@id\":\"https:\\\/\\\/silence-aircraft.de\\\/fr\\\/#\\\/schema\\\/logo\\\/image\\\/\"}}]}<\/script>\n<!-- \/ Yoast SEO plugin. -->","yoast_head_json":{"title":"Silence Twister Kit - Silence Aircraft GmbH","description":"Tous les \u00e9l\u00e9ments de structure sont pr\u00e9fabriqu\u00e9s en utilisant la derni\u00e8re technologie de sandwich nid d\u2019abeille.","robots":{"index":"index","follow":"follow","max-snippet":"max-snippet:-1","max-image-preview":"max-image-preview:large","max-video-preview":"max-video-preview:-1"},"canonical":"https:\/\/silence-aircraft.de\/fr\/avion\/kit\/","og_locale":"fr_FR","og_type":"article","og_title":"Silence Twister Kit - Silence Aircraft GmbH","og_description":"Tous les \u00e9l\u00e9ments de structure sont pr\u00e9fabriqu\u00e9s en utilisant la derni\u00e8re technologie de sandwich nid d\u2019abeille.","og_url":"https:\/\/silence-aircraft.de\/fr\/avion\/kit\/","og_site_name":"Silence Aircraft GmbH","article_modified_time":"2017-12-03T11:32:13+00:00","og_image":[{"width":800,"height":649,"url":"https:\/\/silence-aircraft.de\/wp-content\/uploads\/2011\/07\/silence_twister_01_GR1.jpg","type":"image\/jpeg"}],"twitter_misc":{"Dur\u00e9e de lecture estim\u00e9e":"1 minute"},"schema":{"@context":"https:\/\/schema.org","@graph":[{"@type":"WebPage","@id":"https:\/\/silence-aircraft.de\/fr\/avion\/kit\/","url":"https:\/\/silence-aircraft.de\/fr\/avion\/kit\/","name":"Silence Twister Kit - Silence Aircraft GmbH","isPartOf":{"@id":"https:\/\/silence-aircraft.de\/fr\/#website"},"datePublished":"2011-07-28T19:53:20+00:00","dateModified":"2017-12-03T11:32:13+00:00","description":"Tous les \u00e9l\u00e9ments de structure sont pr\u00e9fabriqu\u00e9s en utilisant la derni\u00e8re technologie de sandwich nid d\u2019abeille.","breadcrumb":{"@id":"https:\/\/silence-aircraft.de\/fr\/avion\/kit\/#breadcrumb"},"inLanguage":"fr-FR","potentialAction":[{"@type":"ReadAction","target":["https:\/\/silence-aircraft.de\/fr\/avion\/kit\/"]}]},{"@type":"BreadcrumbList","@id":"https:\/\/silence-aircraft.de\/fr\/avion\/kit\/#breadcrumb","itemListElement":[{"@type":"ListItem","position":1,"name":"Start","item":"https:\/\/silence-aircraft.de\/fr\/"},{"@type":"ListItem","position":2,"name":"Avion","item":"https:\/\/silence-aircraft.de\/fr\/avion\/"},{"@type":"ListItem","position":3,"name":"Kit"}]},{"@type":"WebSite","@id":"https:\/\/silence-aircraft.de\/fr\/#website","url":"https:\/\/silence-aircraft.de\/fr\/","name":"Silence Aircraft GmbH","description":"Flugzeugbau","publisher":{"@id":"https:\/\/silence-aircraft.de\/fr\/#organization"},"potentialAction":[{"@type":"SearchAction","target":{"@type":"EntryPoint","urlTemplate":"https:\/\/silence-aircraft.de\/fr\/?s={search_term_string}"},"query-input":{"@type":"PropertyValueSpecification","valueRequired":true,"valueName":"search_term_string"}}],"inLanguage":"fr-FR"},{"@type":"Organization","@id":"https:\/\/silence-aircraft.de\/fr\/#organization","name":"Silence aircraft GmbH","url":"https:\/\/silence-aircraft.de\/fr\/","logo":{"@type":"ImageObject","inLanguage":"fr-FR","@id":"https:\/\/silence-aircraft.de\/fr\/#\/schema\/logo\/image\/","url":"https:\/\/silence-aircraft.de\/wp-content\/uploads\/2018\/01\/favicon.png","contentUrl":"https:\/\/silence-aircraft.de\/wp-content\/uploads\/2018\/01\/favicon.png","width":512,"height":512,"caption":"Silence aircraft GmbH"},"image":{"@id":"https:\/\/silence-aircraft.de\/fr\/#\/schema\/logo\/image\/"}}]}},"_links":{"self":[{"href":"https:\/\/silence-aircraft.de\/fr\/wp-json\/wp\/v2\/pages\/234","targetHints":{"allow":["GET"]}}],"collection":[{"href":"https:\/\/silence-aircraft.de\/fr\/wp-json\/wp\/v2\/pages"}],"about":[{"href":"https:\/\/silence-aircraft.de\/fr\/wp-json\/wp\/v2\/types\/page"}],"author":[{"embeddable":true,"href":"https:\/\/silence-aircraft.de\/fr\/wp-json\/wp\/v2\/users\/1"}],"replies":[{"embeddable":true,"href":"https:\/\/silence-aircraft.de\/fr\/wp-json\/wp\/v2\/comments?post=234"}],"version-history":[{"count":8,"href":"https:\/\/silence-aircraft.de\/fr\/wp-json\/wp\/v2\/pages\/234\/revisions"}],"predecessor-version":[{"id":1806,"href":"https:\/\/silence-aircraft.de\/fr\/wp-json\/wp\/v2\/pages\/234\/revisions\/1806"}],"up":[{"embeddable":true,"href":"https:\/\/silence-aircraft.de\/fr\/wp-json\/wp\/v2\/pages\/210"}],"wp:attachment":[{"href":"https:\/\/silence-aircraft.de\/fr\/wp-json\/wp\/v2\/media?parent=234"}],"curies":[{"name":"wp","href":"https:\/\/api.w.org\/{rel}","templated":true}]}}