{"id":210,"date":"2011-07-28T16:10:50","date_gmt":"2011-07-28T16:10:50","guid":{"rendered":"http:\/\/formlotsen.de\/kunden\/wp_silence\/?page_id=210"},"modified":"2017-12-03T11:31:47","modified_gmt":"2017-12-03T11:31:47","slug":"avion","status":"publish","type":"page","link":"https:\/\/silence-aircraft.de\/fr\/avion\/","title":{"rendered":"Avion"},"content":{"rendered":"<h1>Silence Twister, l\u2019avion unique<\/h1>\n<p>Le concept:<br \/><strong>S\u00fbr, facile \u00e0 transporter et \u00e0 mettre en \u0153uvre, performant et agr\u00e9able \u00e0 piloter.<\/strong><\/p>\n<p><img loading=\"lazy\" decoding=\"async\" src=\"https:\/\/silence-aircraft.de\/wp-content\/uploads\/2011\/07\/flieger_150.jpg\" alt=\"\" title=\"Silence Aircraft GmbH\" width=\"150\" height=\"167\" class=\"alignleft size-full wp-image-25\" \/><\/p>\n<p>Cet avion, monoplace \u00e0 train classique, \u00e0 allure de Spitfire, avec sa propre personnalit\u00e9, mais facile \u00e0<br \/>\npiloter, est construit en utilisant les mat\u00e9riaux composites les plus avanc\u00e9s, combinant ainsi pour une masse la plus faible possible une a\u00e9rodynamique exceptionnelle et d&rsquo; excellentes qualit\u00e9s de vol. Toutes ces qualit\u00e9s r\u00e9unies, y compris les derni\u00e8res innovations telles que l\u2019h\u00e9lice V Prop el le moteur Jabiru 2200 font de lui un vrai produit \u00bbSilence\u00ab. Ci apr\u00e8s quelques unes des ces innovations:<\/p>\n<div class=\"group\">\n<ul class=\"half\">\n<li><a href=\"#Wabenbauweise\">Construction nid d\u2019abeille &rarr;<\/a><\/li>\n<li><a href=\"#Monocoque\">Structure monocoque &rarr;<\/a><\/li>\n<li><a href=\"#Sicherheit\">S\u00e9curit\u00e9 &rarr;<\/a><\/li>\n<li><a href=\"#Aerodynamik\">A\u00e9rodynamique &rarr;<\/a><\/li>\n<\/ul>\n<ul class=\"half\">\n<li><a href=\"#Einziehfahrwerk\">Train rentrant &rarr;<\/a><\/li>\n<li><a href=\"#Festfahrwerk\">Train fixe &rarr;<\/a><\/li>\n<li><a href=\"#Einsitzer\">Monoplace &rarr;<\/a><\/li>\n<\/ul>\n<\/div>\nngg_shortcode_0_placeholder\n<h3 id=\"Wabenbauweise\">Construction nid d\u2019abeille<\/h3>\n<p>Le Silence Twister se d\u00e9tache des autres avions l\u00e9gers \u00e0 plusieurs titres. L\u00e0 ou la plupart des avions composites utilise des corps en mousse, le Silence Twister utilise des corps en nid d\u2019abeille.  Bien que plus chers que le traditionnel corps en mousse, les corps en nid d\u2019abeille apportent l\u00e9g\u00e8ret\u00e9 de structure et r\u00e9sistance.<\/p>\n<p>En travaillant avec Hexcel Corporation les concepteurs ont cr\u00e9\u00e9 un sandwich nid d\u2019abeille extr\u00eamement l\u00e9ger, solide et insensible \u00e0 l\u2019humidit\u00e9, ce qui signifie que le Silence Twister, avec sa configuration monoplace et son moteur Jabiru, a un rapport poids puissance que d\u2019autres avions en kit peuvent r\u00eaver.<\/p>\n<h3 id=\"Monocoque\">Structure monocoque<\/h3>\n<p>Le poste de pilotage du Silence Twister est constitu\u00e9 par une coque de s\u00e9curit\u00e9 \u00e9tudi\u00e9e pour prot\u00e9ger le pilote.<\/p>\n<p>Le pilote est entour\u00e9 par une coque de s\u00e9curit\u00e9 tr\u00e8s rigide constitu\u00e9e de sandwich Aramide. Cette structure a \u00e9t\u00e9 particuli\u00e8rement test\u00e9e pour sa r\u00e9sistance \u00e0 la p\u00e9n\u00e9tration  et au crash. Le baquet de si\u00e8ge est fix\u00e9 \u00e0 la structure du fuselage et sa forme fournit au pilote une position assise pr\u00e9cise confortable. Tous les \u00e9l\u00e9ments vitaux, tels que le tunnel central de longeron, les attaches train, le parachute balistique et les attaches de ceintures de s\u00e9curit\u00e9 sont directement fixes \u00e0 la structure monocoque. Elle devient ainsi la structure supportant tous les efforts de l\u2019avion. La construction composite des Silence Twister facilite la cr\u00e9ation de formes ergonomiques offrant le maximum de confort au pilote. La technique de construction monocoque combine le confort avec une exceptionnelle s\u00e9curit\u00e9 pour le pilote, ce qui fait du Silence Twister un avion tr\u00e8s l\u00e9ger mais incroyablement solide.<\/p>\n<h3 id=\"Sicherheit\">Priorit\u00e9 \u00e0 la s\u00e9curit\u00e9\u2026<\/h3>\n<p>Des mesures importantes ont \u00e9t\u00e9 prises pour augmenter la fiabilit\u00e9 de l\u2019avion.<\/p>\n<p> Les r\u00e9servoirs carburant sont install\u00e9s dans les ailes. Cela prot\u00e8ge le pilote d\u2019\u00e9ventuelles projections de carburant dans le cas d\u2019atterrissage d&rsquo;urgence. Des jaugeurs \u00e0 capacit\u00e9 fournissent la quantit\u00e9 de carburant de fa\u00e7on fiable. Le circuit carburant alimente le moteur de fa\u00e7on fiable m\u00eame en cas de g n\u00e9gatif.<\/p>\n<p> A la suite d\u2019essais de flutter, la r\u00e9sistance dynamique du Silence Twister a \u00e9t\u00e9 d\u00e9montr\u00e9e \u00e0 des vitesses sup\u00e9rieures \u00e0 162 kts et des altitudes sup\u00e9rieures \u00e0 16400 ft (5000m).<br \/>\nLe moteur du Silence Twister est certifi\u00e9 JAR. Tous les composants critiques ont une double redondance.<br \/>\nLa cin\u00e9matique des commandes de vol du Silence Twister utilise des bielles en fibre de carbone, tr\u00e8s l\u00e9g\u00e8res mais fournissant une rigidit\u00e9 exceptionnelle.<br \/>\nL\u2019excellente stabilit\u00e9 en vol du Twister r\u00e9sulte de l\u2019importance des surfaces des empennages et  de la longueur du fuselage assurant un plus grand bras de levier. Les caract\u00e9ristiques de s\u00e9curit\u00e9 de vol de cet avion permettent la sortie facile de toute situation incontr\u00f4l\u00e9e telle que la vrille.<br \/>\nLa capacit\u00e9 de la r\u00e9sistance de la cellule du Silence Twister de +6g et -4g a \u00e9t\u00e9 d\u00e9montr\u00e9 par des essais approfondis.<br \/>\nLa dur\u00e9e de vie de 3000 heures des ailes du Silence Twister a \u00e9t\u00e9 simul\u00e9e au cours de tests dynamique avec 1.3 million d\u2019alternances de charge \u00e0 +3g et -2.5g. Aucune dommage ou trace de fatigue n&rsquo;a \u00e9t\u00e9 trouv\u00e9 \u00e0 l\u2019issue de ces tests.<\/p>\n<h3 id=\"Aerodynamik\">A\u00e9rodynamique<\/h3>\n<p>Le Silence Twister poss\u00e8de d\u2019\u00e9tonnantes qualit\u00e9s du point de vue performance et a\u00e9rodynamique qui sont aujourd\u2019hui uniques parmi les avions en kit modernes depuis l\u2019\u00e9poque o\u00f9, dans le monde de l\u2019aviation, les avantage des ailes elliptiques du Spitfire \u00e9taient bien connus. Elles fournissent une distribution de portance id\u00e9ale avec une train\u00e9e induite minimale. La conception avanc\u00e9e et les m\u00e9thodes de fabrication du Silence Twister nous ont permis de concevoir et construire ailes et plan fixe avec une forme elliptique avec un respect pr\u00e9cis du profil. Le profil sym\u00e9trique \u00e0 flux laminaire du Silence Twister a \u00e9t\u00e9 optimis\u00e9 en soufflerie tout particuli\u00e8rement pour la r\u00e9duction de train\u00e9e. Mais cela n&rsquo;a pas chang\u00e9 ses caract\u00e9ristiques dociles de pilotage, m\u00eame lorsque l\u2019\u00e9coulement laminaire est perturb\u00e9 par la pluie.<\/p>\n<h3 id=\"Einziehfahrwerk\">Train r\u00e9tractable du Silence Twister<\/h3>\n<p>Evolution d\u2019une solution initiale vers une solution simple en passant par du complexe&#8230;<\/p>\n<p><p>Le train principal \u00e9lectriquement r\u00e9tractable du Silence Twister fix\u00e9 et articul\u00e9 sur le fuselage se d\u00e9ploie vers l\u2019avant selon un axe diagonal. Cependant les jambes de train restent d\u00e9passantes \u00e0 l\u2019emplanture, les roues avec leurs freins hydrauliques \u00e0 disques ne disparaissent pas totalement dans leurs logements, situ\u00e9s moiti\u00e9 dans les ailles, moiti\u00e9 dans le fuselage. Les trappes de fermeture des logements fix\u00e9es sur les jambes prot\u00e8gent les jambes de train et leurs logements lorsqu\u2019elles sont r\u00e9tract\u00e9es. La roulette  de queue car\u00e9n\u00e9e est dot\u00e9e d\u2019un double ressort t\u00e9lescopique situ\u00e9 dans le fuselage et absorbant les efforts verticaux, ainsi que d\u2019un bloc amortisseur caoutchouc, juste au-dessus de la roue  lui donnant un degr\u00e9 de libert\u00e9 longitudinale lorsqu\u2019elle heurte les petits obstacles du sol.  Le  syst\u00e8me \u00e9lectrique de r\u00e9traction est simple solide et l\u00e9ger. Il p\u00e8se juste 2 kg (4.4lbs). Le m\u00e9canisme de sortie secours  garantit un sortie fiable et verrouille le train m\u00eame en cas de panne \u00e9lectrique.<\/p>\n<h3 id=\"Festfahrwerk\">L&rsquo;option train fixe du Silence Twister<\/h3>\n<p>La derni\u00e8re \u00e9volution de la famille du Silence Twister est la version train fixe.<br \/>\nCe kit a \u00e9t\u00e9 con\u00e7u pour fournir un syst\u00e8me de train  simplifi\u00e9 tout en gardant les qualit\u00e9s a\u00e9rodynamiques et une esth\u00e9tique plaisante.<\/p>\n<p>Le train fixe est une solution simple vis-\u00e0-vis du train rentrant.<\/p>\n<h3 id=\"Einsitzer\">Le Silence Twister est un monoplace<\/h3>\n<h4>Les 5 avantages du monoplace:<\/h4>\n<ul>\n<li>Fuselage affin\u00e9e \u00e0 faible train\u00e9e<\/li>\n<li>Construction compacte<\/li>\n<li>Cockpit confortable avec vision d\u2019excellente qualit\u00e9<\/li>\n<li>Cockpit confortable avec vision d\u2019excellente qualit\u00e9\n<li>Co\u00fbt d\u2019op\u00e9ration faible d\u00fb \u00e0 une faible consommation de carburant et peu d\u2019entretien. Peut \u00eatre log\u00e9 dans un garage standard.<\/li>\n<li>Super amusement sans que personne ne vous procure un sentiment de culpabilit\u00e9&#8230;<\/li>\n<\/ul>\n<p><a href=\"https:\/\/silence-aircraft.de\/fr\/contacts\/\" class=\"kontaktButton\">Contactez-nous<\/a><\/p>\n","protected":false},"excerpt":{"rendered":"<p>Silence Twister, l\u2019avion unique Le concept:S\u00fbr, facile \u00e0 transporter et \u00e0 mettre en \u0153uvre, performant et agr\u00e9able \u00e0 piloter. Cet avion, monoplace \u00e0 train classique, \u00e0 allure de Spitfire, avec sa propre personnalit\u00e9, mais facile \u00e0 piloter, est construit en utilisant les mat\u00e9riaux composites les plus avanc\u00e9s, combinant ainsi pour une masse la plus faible &hellip; <a href=\"https:\/\/silence-aircraft.de\/fr\/avion\/\">Continued<\/a><\/p>\n","protected":false},"author":1,"featured_media":0,"parent":0,"menu_order":0,"comment_status":"closed","ping_status":"closed","template":"","meta":{"ngg_post_thumbnail":0,"_vp_format_video_url":"","_vp_image_focal_point":[],"footnotes":""},"class_list":["post-210","page","type-page","status-publish","hentry"],"yoast_head":"<!-- This site is optimized with the Yoast SEO plugin v26.6 - https:\/\/yoast.com\/wordpress\/plugins\/seo\/ -->\n<title>Silence Twister - Silence Aircraft GmbH<\/title>\n<meta name=\"description\" content=\"Silence Twister est s\u00fbr, facile \u00e0 transporter et \u00e0 mettre en \u0153uvre, performant et agr\u00e9able \u00e0 piloter.\" \/>\n<meta name=\"robots\" content=\"index, follow, max-snippet:-1, max-image-preview:large, max-video-preview:-1\" \/>\n<link rel=\"canonical\" href=\"https:\/\/silence-aircraft.de\/fr\/avion\/\" \/>\n<meta property=\"og:locale\" content=\"fr_FR\" \/>\n<meta property=\"og:type\" content=\"article\" \/>\n<meta property=\"og:title\" content=\"Silence Twister - Silence Aircraft GmbH\" \/>\n<meta property=\"og:description\" content=\"Silence Twister est s\u00fbr, facile \u00e0 transporter et \u00e0 mettre en \u0153uvre, performant et agr\u00e9able \u00e0 piloter.\" \/>\n<meta property=\"og:url\" content=\"https:\/\/silence-aircraft.de\/fr\/avion\/\" \/>\n<meta property=\"og:site_name\" content=\"Silence Aircraft GmbH\" \/>\n<meta property=\"article:modified_time\" content=\"2017-12-03T11:31:47+00:00\" \/>\n<meta property=\"og:image\" content=\"https:\/\/silence-aircraft.de\/wp-content\/uploads\/2011\/07\/flieger_150.jpg\" \/>\n<meta name=\"twitter:label1\" content=\"Dur\u00e9e de lecture estim\u00e9e\" \/>\n\t<meta name=\"twitter:data1\" content=\"6 minutes\" \/>\n<script type=\"application\/ld+json\" class=\"yoast-schema-graph\">{\"@context\":\"https:\/\/schema.org\",\"@graph\":[{\"@type\":\"WebPage\",\"@id\":\"https:\/\/silence-aircraft.de\/fr\/avion\/\",\"url\":\"https:\/\/silence-aircraft.de\/fr\/avion\/\",\"name\":\"Silence Twister - Silence Aircraft GmbH\",\"isPartOf\":{\"@id\":\"https:\/\/silence-aircraft.de\/fr\/#website\"},\"primaryImageOfPage\":{\"@id\":\"https:\/\/silence-aircraft.de\/fr\/avion\/#primaryimage\"},\"image\":{\"@id\":\"https:\/\/silence-aircraft.de\/fr\/avion\/#primaryimage\"},\"thumbnailUrl\":\"https:\/\/silence-aircraft.de\/wp-content\/uploads\/2011\/07\/flieger_150.jpg\",\"datePublished\":\"2011-07-28T16:10:50+00:00\",\"dateModified\":\"2017-12-03T11:31:47+00:00\",\"description\":\"Silence Twister est s\u00fbr, facile \u00e0 transporter et \u00e0 mettre en \u0153uvre, performant et agr\u00e9able \u00e0 piloter.\",\"breadcrumb\":{\"@id\":\"https:\/\/silence-aircraft.de\/fr\/avion\/#breadcrumb\"},\"inLanguage\":\"fr-FR\",\"potentialAction\":[{\"@type\":\"ReadAction\",\"target\":[\"https:\/\/silence-aircraft.de\/fr\/avion\/\"]}]},{\"@type\":\"ImageObject\",\"inLanguage\":\"fr-FR\",\"@id\":\"https:\/\/silence-aircraft.de\/fr\/avion\/#primaryimage\",\"url\":\"https:\/\/silence-aircraft.de\/wp-content\/uploads\/2011\/07\/flieger_150.jpg\",\"contentUrl\":\"https:\/\/silence-aircraft.de\/wp-content\/uploads\/2011\/07\/flieger_150.jpg\"},{\"@type\":\"BreadcrumbList\",\"@id\":\"https:\/\/silence-aircraft.de\/fr\/avion\/#breadcrumb\",\"itemListElement\":[{\"@type\":\"ListItem\",\"position\":1,\"name\":\"Start\",\"item\":\"https:\/\/silence-aircraft.de\/fr\/\"},{\"@type\":\"ListItem\",\"position\":2,\"name\":\"Avion\"}]},{\"@type\":\"WebSite\",\"@id\":\"https:\/\/silence-aircraft.de\/fr\/#website\",\"url\":\"https:\/\/silence-aircraft.de\/fr\/\",\"name\":\"Silence Aircraft GmbH\",\"description\":\"Flugzeugbau\",\"publisher\":{\"@id\":\"https:\/\/silence-aircraft.de\/fr\/#organization\"},\"potentialAction\":[{\"@type\":\"SearchAction\",\"target\":{\"@type\":\"EntryPoint\",\"urlTemplate\":\"https:\/\/silence-aircraft.de\/fr\/?s={search_term_string}\"},\"query-input\":{\"@type\":\"PropertyValueSpecification\",\"valueRequired\":true,\"valueName\":\"search_term_string\"}}],\"inLanguage\":\"fr-FR\"},{\"@type\":\"Organization\",\"@id\":\"https:\/\/silence-aircraft.de\/fr\/#organization\",\"name\":\"Silence aircraft GmbH\",\"url\":\"https:\/\/silence-aircraft.de\/fr\/\",\"logo\":{\"@type\":\"ImageObject\",\"inLanguage\":\"fr-FR\",\"@id\":\"https:\/\/silence-aircraft.de\/fr\/#\/schema\/logo\/image\/\",\"url\":\"https:\/\/silence-aircraft.de\/wp-content\/uploads\/2018\/01\/favicon.png\",\"contentUrl\":\"https:\/\/silence-aircraft.de\/wp-content\/uploads\/2018\/01\/favicon.png\",\"width\":512,\"height\":512,\"caption\":\"Silence aircraft GmbH\"},\"image\":{\"@id\":\"https:\/\/silence-aircraft.de\/fr\/#\/schema\/logo\/image\/\"}}]}<\/script>\n<!-- \/ Yoast SEO plugin. -->","yoast_head_json":{"title":"Silence Twister - Silence Aircraft GmbH","description":"Silence Twister est s\u00fbr, facile \u00e0 transporter et \u00e0 mettre en \u0153uvre, performant et agr\u00e9able \u00e0 piloter.","robots":{"index":"index","follow":"follow","max-snippet":"max-snippet:-1","max-image-preview":"max-image-preview:large","max-video-preview":"max-video-preview:-1"},"canonical":"https:\/\/silence-aircraft.de\/fr\/avion\/","og_locale":"fr_FR","og_type":"article","og_title":"Silence Twister - Silence Aircraft GmbH","og_description":"Silence Twister est s\u00fbr, facile \u00e0 transporter et \u00e0 mettre en \u0153uvre, performant et agr\u00e9able \u00e0 piloter.","og_url":"https:\/\/silence-aircraft.de\/fr\/avion\/","og_site_name":"Silence Aircraft GmbH","article_modified_time":"2017-12-03T11:31:47+00:00","og_image":[{"url":"https:\/\/silence-aircraft.de\/wp-content\/uploads\/2011\/07\/flieger_150.jpg","type":"","width":"","height":""}],"twitter_misc":{"Dur\u00e9e de lecture estim\u00e9e":"6 minutes"},"schema":{"@context":"https:\/\/schema.org","@graph":[{"@type":"WebPage","@id":"https:\/\/silence-aircraft.de\/fr\/avion\/","url":"https:\/\/silence-aircraft.de\/fr\/avion\/","name":"Silence Twister - Silence Aircraft GmbH","isPartOf":{"@id":"https:\/\/silence-aircraft.de\/fr\/#website"},"primaryImageOfPage":{"@id":"https:\/\/silence-aircraft.de\/fr\/avion\/#primaryimage"},"image":{"@id":"https:\/\/silence-aircraft.de\/fr\/avion\/#primaryimage"},"thumbnailUrl":"https:\/\/silence-aircraft.de\/wp-content\/uploads\/2011\/07\/flieger_150.jpg","datePublished":"2011-07-28T16:10:50+00:00","dateModified":"2017-12-03T11:31:47+00:00","description":"Silence Twister est s\u00fbr, facile \u00e0 transporter et \u00e0 mettre en \u0153uvre, performant et agr\u00e9able \u00e0 piloter.","breadcrumb":{"@id":"https:\/\/silence-aircraft.de\/fr\/avion\/#breadcrumb"},"inLanguage":"fr-FR","potentialAction":[{"@type":"ReadAction","target":["https:\/\/silence-aircraft.de\/fr\/avion\/"]}]},{"@type":"ImageObject","inLanguage":"fr-FR","@id":"https:\/\/silence-aircraft.de\/fr\/avion\/#primaryimage","url":"https:\/\/silence-aircraft.de\/wp-content\/uploads\/2011\/07\/flieger_150.jpg","contentUrl":"https:\/\/silence-aircraft.de\/wp-content\/uploads\/2011\/07\/flieger_150.jpg"},{"@type":"BreadcrumbList","@id":"https:\/\/silence-aircraft.de\/fr\/avion\/#breadcrumb","itemListElement":[{"@type":"ListItem","position":1,"name":"Start","item":"https:\/\/silence-aircraft.de\/fr\/"},{"@type":"ListItem","position":2,"name":"Avion"}]},{"@type":"WebSite","@id":"https:\/\/silence-aircraft.de\/fr\/#website","url":"https:\/\/silence-aircraft.de\/fr\/","name":"Silence Aircraft GmbH","description":"Flugzeugbau","publisher":{"@id":"https:\/\/silence-aircraft.de\/fr\/#organization"},"potentialAction":[{"@type":"SearchAction","target":{"@type":"EntryPoint","urlTemplate":"https:\/\/silence-aircraft.de\/fr\/?s={search_term_string}"},"query-input":{"@type":"PropertyValueSpecification","valueRequired":true,"valueName":"search_term_string"}}],"inLanguage":"fr-FR"},{"@type":"Organization","@id":"https:\/\/silence-aircraft.de\/fr\/#organization","name":"Silence aircraft GmbH","url":"https:\/\/silence-aircraft.de\/fr\/","logo":{"@type":"ImageObject","inLanguage":"fr-FR","@id":"https:\/\/silence-aircraft.de\/fr\/#\/schema\/logo\/image\/","url":"https:\/\/silence-aircraft.de\/wp-content\/uploads\/2018\/01\/favicon.png","contentUrl":"https:\/\/silence-aircraft.de\/wp-content\/uploads\/2018\/01\/favicon.png","width":512,"height":512,"caption":"Silence aircraft GmbH"},"image":{"@id":"https:\/\/silence-aircraft.de\/fr\/#\/schema\/logo\/image\/"}}]}},"_links":{"self":[{"href":"https:\/\/silence-aircraft.de\/fr\/wp-json\/wp\/v2\/pages\/210","targetHints":{"allow":["GET"]}}],"collection":[{"href":"https:\/\/silence-aircraft.de\/fr\/wp-json\/wp\/v2\/pages"}],"about":[{"href":"https:\/\/silence-aircraft.de\/fr\/wp-json\/wp\/v2\/types\/page"}],"author":[{"embeddable":true,"href":"https:\/\/silence-aircraft.de\/fr\/wp-json\/wp\/v2\/users\/1"}],"replies":[{"embeddable":true,"href":"https:\/\/silence-aircraft.de\/fr\/wp-json\/wp\/v2\/comments?post=210"}],"version-history":[{"count":14,"href":"https:\/\/silence-aircraft.de\/fr\/wp-json\/wp\/v2\/pages\/210\/revisions"}],"predecessor-version":[{"id":1804,"href":"https:\/\/silence-aircraft.de\/fr\/wp-json\/wp\/v2\/pages\/210\/revisions\/1804"}],"wp:attachment":[{"href":"https:\/\/silence-aircraft.de\/fr\/wp-json\/wp\/v2\/media?parent=210"}],"curies":[{"name":"wp","href":"https:\/\/api.w.org\/{rel}","templated":true}]}}