{"id":1970,"date":"2018-05-03T12:34:24","date_gmt":"2018-05-03T12:34:24","guid":{"rendered":"https:\/\/silence-aircraft.de\/?page_id=1970"},"modified":"2018-05-03T13:22:52","modified_gmt":"2018-05-03T13:22:52","slug":"declaration-de-confidentialite","status":"publish","type":"page","link":"https:\/\/silence-aircraft.de\/fr\/declaration-de-confidentialite\/","title":{"rendered":"D\u00e9claration de confidentialit\u00e9"},"content":{"rendered":"<h2>D\u00e9claration de confidentialit\u00e9<\/h2>\n<p>L&rsquo;organisme responsable en mati\u00e8re de lois sur la protection des donn\u00e9es est:<\/p>\n<p>Matthias Strieker<\/p>\n<h2>Cryptage SSL<\/h2>\n<p>Pour prot\u00e9ger la s\u00e9curit\u00e9 de vos donn\u00e9es pendant la transmission, nous utilisons des techniques de cryptage de pointe (telles que SSL) sur HTTPS.<\/p>\n<h2>Contact<\/h2>\n<p>Si vous nous contactez par e-mail ou par formulaire de contact, les informations que vous fournissez seront stock\u00e9es dans le but de traiter la demande et pour d&rsquo;\u00e9ventuelles questions de suivi.<\/p>\n<h2>Utilisation d&rsquo;Adobe Typekit<\/h2>\n<p>Nous utilisons Adobe Typekit pour la conception visuelle de notre site Web. Typekit est un service d&rsquo;Adobe Systems Software Ireland Ltd. ce qui nous donne acc\u00e8s \u00e0 une biblioth\u00e8que de polices. Pour int\u00e9grer les polices que nous utilisons, votre navigateur doit se connecter \u00e0 un serveur Adobe aux \u00c9tats-Unis et t\u00e9l\u00e9charger la police dont nous avons besoin pour notre site Web. Adobe recevra les informations que votre site Web a \u00e9t\u00e9 appel\u00e9 \u00e0 partir de votre adresse IP. Pour plus d&rsquo;informations sur Adobe Typekit, consultez la politique de confidentialit\u00e9 d&rsquo;Adobe, disponible ici: <a href=\"http:\/\/www.adobe.com\/privacy\/typekit.html\">www.adobe.com\/privacy\/typekit.html<\/a><\/p>\n<h2>Vid\u00e9os YouTube int\u00e9gr\u00e9es<\/h2>\n<p>Sur certains de nos sites Web, nous avons int\u00e9gr\u00e9 des vid\u00e9os YouTube. Les plug-ins correspondants sont exploit\u00e9s par YouTube, LLC, 901, avenue Cherry, San Bruno, CA 94066, \u00c9tats-Unis. Lorsque vous visitez une page avec le plug-in YouTube, il se connecte aux serveurs de Youtube. Youtube sera inform\u00e9 des pages que vous visitez. Si vous \u00eates connect\u00e9 \u00e0 votre compte Youtube, Youtube peut vous attribuer personnellement votre comportement de navigation. Cela peut \u00eatre \u00e9vit\u00e9 en se d\u00e9connectant de votre compte Youtube \u00e0 l&rsquo;avance.<\/p>\n<p>Si une vid\u00e9o YouTube est d\u00e9marr\u00e9e, le fournisseur utilise des cookies qui collectent des informations sur le comportement de l&rsquo;utilisateur.<\/p>\n<p>Toute personne ayant d\u00e9sactiv\u00e9 le stockage de cookies pour le programme Google Ad ne doit pas s&rsquo;attendre \u00e0 de tels cookies lorsque vous regardez des vid\u00e9os YouTube. Youtube stocke \u00e9galement des informations d&rsquo;utilisation non personnelles dans d&rsquo;autres cookies. Si vous voulez \u00e9viter cela, vous devez bloquer le stockage des cookies dans le navigateur.<\/p>\n<p>Pour plus d&rsquo;informations sur la protection des donn\u00e9es sur \u00ab\u00a0Youtube\u00a0\u00bb, consultez la politique de confidentialit\u00e9 du fournisseur \u00e0 l&rsquo;adresse: <a href=\"https:\/\/www.google.de\/intl\/fr\/policies\/privacy\/\">https:\/\/www.google.de\/intl\/fr\/policies\/privacy\/<\/a><\/p>\n<h2>Vos droits d&rsquo;information, de rectification, de suspension, d&rsquo;annulation et d&rsquo;opposition<\/h2>\n<p>Vous avez le droit de recevoir des informations sur vos donn\u00e9es personnelles stock\u00e9es par nous \u00e0 tout moment. Vous avez \u00e9galement le droit de corriger, bloquer ou, en dehors du stockage de donn\u00e9es prescrit pour les transactions commerciales, la suppression de vos donn\u00e9es personnelles. Veuillez contacter notre responsable de la protection des donn\u00e9es. Les coordonn\u00e9es peuvent \u00eatre trouv\u00e9es en bas.<\/p>\n<p>Pour qu&rsquo;un verrou de donn\u00e9es soit pris en compte \u00e0 tout moment, ces donn\u00e9es doivent \u00eatre stock\u00e9es dans un fichier de verrouillage \u00e0 des fins de contr\u00f4le. Vous pouvez \u00e9galement demander la suppression des donn\u00e9es, tant qu&rsquo;il n&rsquo;y a pas d&rsquo;obligation l\u00e9gale d&rsquo;archivage. Dans la mesure o\u00f9 une telle obligation existe, nous verrouillons vos donn\u00e9es sur demande.<\/p>\n<p>Vous pouvez apporter des modifications ou r\u00e9voquer votre consentement en nous notifiant avec effet pour le futur.<\/p>\n<h2>Modification de notre politique de confidentialit\u00e9<\/h2>\n<p>Nous nous r\u00e9servons le droit de modifier cette politique de confidentialit\u00e9 de temps en temps afin qu&rsquo;elle soit toujours conforme aux exigences l\u00e9gales en vigueur ou de mettre en \u0153uvre tout changement de nos services dans la politique de confidentialit\u00e9, tels que: Par exemple, lors de l&rsquo;introduction de nouveaux services. Votre nouvelle visite sera soumise \u00e0 la nouvelle politique de confidentialit\u00e9.<\/p>\n<h2>Questions \u00e0 l&rsquo;agent de protection des donn\u00e9es<\/h2>\n<p>Si vous avez des questions sur la protection des donn\u00e9es, \u00e9crivez-nous un e-mail ou contactez directement notre d\u00e9l\u00e9gu\u00e9 \u00e0 la protection des donn\u00e9es:<\/p>\n<p>Matthias Strieker<\/p>\n<p><em>Die Datenschutzerkl\u00e4rung wurde mit dem <\/em><a href=\"https:\/\/www.activemind.de\/datenschutz\/datenschutzhinweis-generator\/\"><em>Datenschutzerkl\u00e4rungs-Generator der activeMind AG erstellt<\/em><\/a><em>.<\/em><\/p>\n","protected":false},"excerpt":{"rendered":"<p>D\u00e9claration de confidentialit\u00e9 L&rsquo;organisme responsable en mati\u00e8re de lois sur la protection des donn\u00e9es est: Matthias Strieker Cryptage SSL Pour prot\u00e9ger la s\u00e9curit\u00e9 de vos donn\u00e9es pendant la transmission, nous utilisons des techniques de cryptage de pointe (telles que SSL) sur HTTPS. Contact Si vous nous contactez par e-mail ou par formulaire de contact, les &hellip; <a href=\"https:\/\/silence-aircraft.de\/fr\/declaration-de-confidentialite\/\">Continued<\/a><\/p>\n","protected":false},"author":1,"featured_media":0,"parent":0,"menu_order":0,"comment_status":"closed","ping_status":"closed","template":"","meta":{"ngg_post_thumbnail":0,"_vp_format_video_url":"","_vp_image_focal_point":[],"footnotes":""},"class_list":["post-1970","page","type-page","status-publish","hentry"],"yoast_head":"<!-- This site is optimized with the Yoast SEO plugin v27.4 - https:\/\/yoast.com\/product\/yoast-seo-wordpress\/ -->\n<title>D\u00e9claration de confidentialit\u00e9 - Silence Aircraft GmbH<\/title>\n<meta name=\"robots\" content=\"noindex, nofollow\" \/>\n<meta property=\"og:locale\" content=\"fr_FR\" \/>\n<meta property=\"og:type\" content=\"article\" \/>\n<meta property=\"og:title\" content=\"D\u00e9claration de confidentialit\u00e9 - Silence Aircraft GmbH\" \/>\n<meta property=\"og:description\" content=\"D\u00e9claration de confidentialit\u00e9 L&rsquo;organisme responsable en mati\u00e8re de lois sur la protection des donn\u00e9es est: Matthias Strieker Cryptage SSL Pour prot\u00e9ger la s\u00e9curit\u00e9 de vos donn\u00e9es pendant la transmission, nous utilisons des techniques de cryptage de pointe (telles que SSL) sur HTTPS. Contact Si vous nous contactez par e-mail ou par formulaire de contact, les &hellip; Continued\" \/>\n<meta property=\"og:url\" content=\"https:\/\/silence-aircraft.de\/fr\/declaration-de-confidentialite\/\" \/>\n<meta property=\"og:site_name\" content=\"Silence Aircraft GmbH\" \/>\n<meta property=\"article:modified_time\" content=\"2018-05-03T13:22:52+00:00\" \/>\n<meta property=\"og:image\" content=\"https:\/\/silence-aircraft.de\/wp-content\/uploads\/2011\/07\/silence_twister_01_GR1.jpg\" \/>\n\t<meta property=\"og:image:width\" content=\"800\" \/>\n\t<meta property=\"og:image:height\" content=\"649\" \/>\n\t<meta property=\"og:image:type\" content=\"image\/jpeg\" \/>\n<meta name=\"twitter:label1\" content=\"Dur\u00e9e de lecture estim\u00e9e\" \/>\n\t<meta name=\"twitter:data1\" content=\"3 minutes\" \/>\n<script type=\"application\/ld+json\" class=\"yoast-schema-graph\">{\"@context\":\"https:\\\/\\\/schema.org\",\"@graph\":[{\"@type\":\"WebPage\",\"@id\":\"https:\\\/\\\/silence-aircraft.de\\\/fr\\\/declaration-de-confidentialite\\\/\",\"url\":\"https:\\\/\\\/silence-aircraft.de\\\/fr\\\/declaration-de-confidentialite\\\/\",\"name\":\"D\u00e9claration de confidentialit\u00e9 - Silence Aircraft GmbH\",\"isPartOf\":{\"@id\":\"https:\\\/\\\/silence-aircraft.de\\\/fr\\\/#website\"},\"datePublished\":\"2018-05-03T12:34:24+00:00\",\"dateModified\":\"2018-05-03T13:22:52+00:00\",\"breadcrumb\":{\"@id\":\"https:\\\/\\\/silence-aircraft.de\\\/fr\\\/declaration-de-confidentialite\\\/#breadcrumb\"},\"inLanguage\":\"fr-FR\",\"potentialAction\":[{\"@type\":\"ReadAction\",\"target\":[\"https:\\\/\\\/silence-aircraft.de\\\/fr\\\/declaration-de-confidentialite\\\/\"]}]},{\"@type\":\"BreadcrumbList\",\"@id\":\"https:\\\/\\\/silence-aircraft.de\\\/fr\\\/declaration-de-confidentialite\\\/#breadcrumb\",\"itemListElement\":[{\"@type\":\"ListItem\",\"position\":1,\"name\":\"Start\",\"item\":\"https:\\\/\\\/silence-aircraft.de\\\/fr\\\/\"},{\"@type\":\"ListItem\",\"position\":2,\"name\":\"D\u00e9claration de confidentialit\u00e9\"}]},{\"@type\":\"WebSite\",\"@id\":\"https:\\\/\\\/silence-aircraft.de\\\/fr\\\/#website\",\"url\":\"https:\\\/\\\/silence-aircraft.de\\\/fr\\\/\",\"name\":\"Silence Aircraft GmbH\",\"description\":\"Flugzeugbau\",\"publisher\":{\"@id\":\"https:\\\/\\\/silence-aircraft.de\\\/fr\\\/#organization\"},\"potentialAction\":[{\"@type\":\"SearchAction\",\"target\":{\"@type\":\"EntryPoint\",\"urlTemplate\":\"https:\\\/\\\/silence-aircraft.de\\\/fr\\\/?s={search_term_string}\"},\"query-input\":{\"@type\":\"PropertyValueSpecification\",\"valueRequired\":true,\"valueName\":\"search_term_string\"}}],\"inLanguage\":\"fr-FR\"},{\"@type\":\"Organization\",\"@id\":\"https:\\\/\\\/silence-aircraft.de\\\/fr\\\/#organization\",\"name\":\"Silence aircraft GmbH\",\"url\":\"https:\\\/\\\/silence-aircraft.de\\\/fr\\\/\",\"logo\":{\"@type\":\"ImageObject\",\"inLanguage\":\"fr-FR\",\"@id\":\"https:\\\/\\\/silence-aircraft.de\\\/fr\\\/#\\\/schema\\\/logo\\\/image\\\/\",\"url\":\"https:\\\/\\\/silence-aircraft.de\\\/wp-content\\\/uploads\\\/2018\\\/01\\\/favicon.png\",\"contentUrl\":\"https:\\\/\\\/silence-aircraft.de\\\/wp-content\\\/uploads\\\/2018\\\/01\\\/favicon.png\",\"width\":512,\"height\":512,\"caption\":\"Silence aircraft GmbH\"},\"image\":{\"@id\":\"https:\\\/\\\/silence-aircraft.de\\\/fr\\\/#\\\/schema\\\/logo\\\/image\\\/\"}}]}<\/script>\n<!-- \/ Yoast SEO plugin. -->","yoast_head_json":{"title":"D\u00e9claration de confidentialit\u00e9 - Silence Aircraft GmbH","robots":{"index":"noindex","follow":"nofollow"},"og_locale":"fr_FR","og_type":"article","og_title":"D\u00e9claration de confidentialit\u00e9 - Silence Aircraft GmbH","og_description":"D\u00e9claration de confidentialit\u00e9 L&rsquo;organisme responsable en mati\u00e8re de lois sur la protection des donn\u00e9es est: Matthias Strieker Cryptage SSL Pour prot\u00e9ger la s\u00e9curit\u00e9 de vos donn\u00e9es pendant la transmission, nous utilisons des techniques de cryptage de pointe (telles que SSL) sur HTTPS. Contact Si vous nous contactez par e-mail ou par formulaire de contact, les &hellip; Continued","og_url":"https:\/\/silence-aircraft.de\/fr\/declaration-de-confidentialite\/","og_site_name":"Silence Aircraft GmbH","article_modified_time":"2018-05-03T13:22:52+00:00","og_image":[{"width":800,"height":649,"url":"https:\/\/silence-aircraft.de\/wp-content\/uploads\/2011\/07\/silence_twister_01_GR1.jpg","type":"image\/jpeg"}],"twitter_misc":{"Dur\u00e9e de lecture estim\u00e9e":"3 minutes"},"schema":{"@context":"https:\/\/schema.org","@graph":[{"@type":"WebPage","@id":"https:\/\/silence-aircraft.de\/fr\/declaration-de-confidentialite\/","url":"https:\/\/silence-aircraft.de\/fr\/declaration-de-confidentialite\/","name":"D\u00e9claration de confidentialit\u00e9 - Silence Aircraft GmbH","isPartOf":{"@id":"https:\/\/silence-aircraft.de\/fr\/#website"},"datePublished":"2018-05-03T12:34:24+00:00","dateModified":"2018-05-03T13:22:52+00:00","breadcrumb":{"@id":"https:\/\/silence-aircraft.de\/fr\/declaration-de-confidentialite\/#breadcrumb"},"inLanguage":"fr-FR","potentialAction":[{"@type":"ReadAction","target":["https:\/\/silence-aircraft.de\/fr\/declaration-de-confidentialite\/"]}]},{"@type":"BreadcrumbList","@id":"https:\/\/silence-aircraft.de\/fr\/declaration-de-confidentialite\/#breadcrumb","itemListElement":[{"@type":"ListItem","position":1,"name":"Start","item":"https:\/\/silence-aircraft.de\/fr\/"},{"@type":"ListItem","position":2,"name":"D\u00e9claration de confidentialit\u00e9"}]},{"@type":"WebSite","@id":"https:\/\/silence-aircraft.de\/fr\/#website","url":"https:\/\/silence-aircraft.de\/fr\/","name":"Silence Aircraft GmbH","description":"Flugzeugbau","publisher":{"@id":"https:\/\/silence-aircraft.de\/fr\/#organization"},"potentialAction":[{"@type":"SearchAction","target":{"@type":"EntryPoint","urlTemplate":"https:\/\/silence-aircraft.de\/fr\/?s={search_term_string}"},"query-input":{"@type":"PropertyValueSpecification","valueRequired":true,"valueName":"search_term_string"}}],"inLanguage":"fr-FR"},{"@type":"Organization","@id":"https:\/\/silence-aircraft.de\/fr\/#organization","name":"Silence aircraft GmbH","url":"https:\/\/silence-aircraft.de\/fr\/","logo":{"@type":"ImageObject","inLanguage":"fr-FR","@id":"https:\/\/silence-aircraft.de\/fr\/#\/schema\/logo\/image\/","url":"https:\/\/silence-aircraft.de\/wp-content\/uploads\/2018\/01\/favicon.png","contentUrl":"https:\/\/silence-aircraft.de\/wp-content\/uploads\/2018\/01\/favicon.png","width":512,"height":512,"caption":"Silence aircraft GmbH"},"image":{"@id":"https:\/\/silence-aircraft.de\/fr\/#\/schema\/logo\/image\/"}}]}},"_links":{"self":[{"href":"https:\/\/silence-aircraft.de\/fr\/wp-json\/wp\/v2\/pages\/1970","targetHints":{"allow":["GET"]}}],"collection":[{"href":"https:\/\/silence-aircraft.de\/fr\/wp-json\/wp\/v2\/pages"}],"about":[{"href":"https:\/\/silence-aircraft.de\/fr\/wp-json\/wp\/v2\/types\/page"}],"author":[{"embeddable":true,"href":"https:\/\/silence-aircraft.de\/fr\/wp-json\/wp\/v2\/users\/1"}],"replies":[{"embeddable":true,"href":"https:\/\/silence-aircraft.de\/fr\/wp-json\/wp\/v2\/comments?post=1970"}],"version-history":[{"count":6,"href":"https:\/\/silence-aircraft.de\/fr\/wp-json\/wp\/v2\/pages\/1970\/revisions"}],"predecessor-version":[{"id":1990,"href":"https:\/\/silence-aircraft.de\/fr\/wp-json\/wp\/v2\/pages\/1970\/revisions\/1990"}],"wp:attachment":[{"href":"https:\/\/silence-aircraft.de\/fr\/wp-json\/wp\/v2\/media?parent=1970"}],"curies":[{"name":"wp","href":"https:\/\/api.w.org\/{rel}","templated":true}]}}